{"id":7347,"date":"2021-10-04T18:10:15","date_gmt":"2021-10-04T16:10:15","guid":{"rendered":"https:\/\/tizo.info\/?post_type=product&#038;p=7347"},"modified":"2025-04-11T15:05:18","modified_gmt":"2025-04-11T13:05:18","slug":"film-sinemaei-dynamite-nuernberg-comedy-05-12-2021","status":"publish","type":"product","link":"https:\/\/tizo.info\/en\/product\/film-sinemaei-dynamite-nuernberg-comedy-05-12-2021\/","title":{"rendered":"Dynamite Movie in N\u00fcrnberg!"},"content":{"rendered":"","protected":false},"excerpt":{"rendered":"<p style=\"text-align: left;\"><strong>Sunday<\/strong><br \/>\n<strong>05.12.2021<\/strong><br \/>\n<strong>Dynamite Movie in N\u00fcrnberg!<\/strong><\/p>\n<table style=\"width: 100%;\">\n<tbody>\n<tr>\n<td style=\"width: 25px; text-align: center; vertical-align: top;\">\ud83d\udccd<\/td>\n<td><strong><span style=\"color: #000000;\">Admiral-Filmpalast<\/span><\/strong><\/p>\n<p style=\"margin-top: -20px; margin-bottom: -2px; font-size: 15px;\"><span style=\"color: #000000;\">Palast K\u00f6nigstra\u00dfe 11 , 90402 N\u00fcrnberg<\/span><\/p>\n<\/td>\n<\/tr>\n<tr>\n<td style=\"width: 25px; text-align: center;\">\ud83d\udcc5<\/td>\n<td>Sonntag &#8211; 05.12.2021<\/td>\n<\/tr>\n<tr>\n<td style=\"width: 25px; text-align: center;\">\ud83c\udf89<\/td>\n<td>Einlass: 16:45 Uhr<\/td>\n<\/tr>\n<tr>\n<td style=\"width: 25px; text-align: center;\">\u2139\ufe0f<\/td>\n<td>+49 176 2191 1321<\/td>\n<\/tr>\n<tr>\n<td style=\"width: 25px; text-align: center;\">\ud83d\udcb0<\/td>\n<td>ab 15\/- Euro<\/td>\n<\/tr>\n<tr>\n<td style=\"width: 25px; text-align: center;\">\ud83c\udfab<\/td>\n<td><a href=\"https:\/\/tizo.info\/\">www.Tizo.info<\/a><\/td>\n<\/tr>\n<\/tbody>\n<\/table>\n<p class=\"persainf\" style=\"text-align: right;\">* \u0628\u0631\u0646\u0627\u0645\u0647 \u06af\u0630\u0627\u0631 \u062f\u0631 \u0627\u0646\u062a\u062e\u0627\u0628 \u0645\u0647\u0645\u0627\u0646 \u0622\u0632\u0627\u062f \u0627\u0633\u062a.<br \/>\n* \u0628\u0644\u06cc\u0637 \u0641\u0631\u0648\u062e\u062a\u0647 \u0634\u062f\u0647 \u067e\u0633 \u06af\u0631\u0641\u062a\u0647 \u0646\u0645\u06cc\u0634\u0648\u062f.<\/p>\n<p class=\"persainf\" style=\"text-align: right;\"><strong>&#8211; \u0645\u06a9\u0627\u0646 \u0645\u0648\u0631\u062f \u0646\u0638\u0631 \u062e\u0648\u062f \u0631\u0627 \u0627\u0646\u062a\u062e\u0627\u0628 \u06a9\u0646\u06cc\u062f.<\/strong><\/p>\n<p><img fetchpriority=\"high\" decoding=\"async\" class=\"aligncenter\" src=\"https:\/\/tizo.info\/wp-content\/uploads\/2019\/07\/Arrow-tizo.info_.gif\" alt=\"Tizo.info - Persian Events\" width=\"500\" height=\"252\" \/><\/p>","protected":false},"featured_media":7348,"comment_status":"closed","ping_status":"closed","template":"","meta":{"inline_featured_image":false},"product_brand":[],"product_cat":[42,206],"product_tag":[180,100,175,99,95,52,209,172,181,207,179,138,57,102,140,75,177,182,176,208],"class_list":{"0":"post-7347","1":"product","2":"type-product","3":"status-publish","4":"has-post-thumbnail","6":"product_cat-germany","7":"product_cat-nuernberg","8":"product_tag-ahmad-mehranfar","9":"product_tag-cinema","10":"product_tag-dinamit","11":"product_tag-film","12":"product_tag-film-vision","13":"product_tag-germany","14":"product_tag-golden-time-entertainment-presents","15":"product_tag-mohsen-kiayee","16":"product_tag-nazanin-bayati","17":"product_tag-nuernberg","18":"product_tag-pejman-jamshidi","19":"product_tag-persian","20":"product_tag-persian-event","21":"product_tag-persian-movie","22":"product_tag-persisch","23":"product_tag-tizo","24":"product_tag-177","25":"product_tag-182","26":"product_tag-176","27":"product_tag-208","29":"first","30":"instock","31":"shipping-taxable","32":"product-type-external"},"yoast_head":"<!-- This site is optimized with the Yoast SEO plugin v27.5 - https:\/\/yoast.com\/product\/yoast-seo-wordpress\/ -->\n<title>Dynamite Movie in N\u00fcrnberg! - Tizo Ticketing<\/title>\n<meta name=\"robots\" content=\"index, follow, max-snippet:-1, max-image-preview:large, max-video-preview:-1\" \/>\n<link rel=\"canonical\" href=\"https:\/\/tizo.info\/en\/product\/film-sinemaei-dynamite-nuernberg-comedy-05-12-2021\/\" \/>\n<meta property=\"og:locale\" content=\"en_US\" \/>\n<meta property=\"og:type\" content=\"article\" \/>\n<meta property=\"og:title\" content=\"Dynamite Movie in N\u00fcrnberg! - Tizo Ticketing\" \/>\n<meta property=\"og:description\" content=\"Sonntag 05.12.2021 Dynamite Movie in N\u00fcrnberg!     \ud83d\udccd Admiral-Filmpalast Palast K\u00f6nigstra\u00dfe 11 , 90402 N\u00fcrnberg    \ud83d\udcc5 Sonntag - 05.12.2021   \ud83c\udf89 Einlass: 16:45 Uhr   \u2139\ufe0f +49 176 2191 1321   \ud83d\udcb0 ab 15\/- Euro   \ud83c\udfab www.Tizo.info    * \u0628\u0631\u0646\u0627\u0645\u0647 \u06af\u0630\u0627\u0631 \u062f\u0631 \u0627\u0646\u062a\u062e\u0627\u0628 \u0645\u0647\u0645\u0627\u0646 \u0622\u0632\u0627\u062f \u0627\u0633\u062a. * \u0628\u0644\u06cc\u0637 \u0641\u0631\u0648\u062e\u062a\u0647 \u0634\u062f\u0647 \u067e\u0633 \u06af\u0631\u0641\u062a\u0647 \u0646\u0645\u06cc\u0634\u0648\u062f. - \u0645\u06a9\u0627\u0646 \u0645\u0648\u0631\u062f \u0646\u0638\u0631 \u062e\u0648\u062f \u0631\u0627 \u0627\u0646\u062a\u062e\u0627\u0628 \u06a9\u0646\u06cc\u062f.\" \/>\n<meta property=\"og:url\" content=\"https:\/\/tizo.info\/en\/product\/film-sinemaei-dynamite-nuernberg-comedy-05-12-2021\/\" \/>\n<meta property=\"og:site_name\" content=\"Tizo Ticketing\" \/>\n<meta property=\"article:modified_time\" content=\"2025-04-11T13:05:18+00:00\" \/>\n<meta property=\"og:image\" content=\"https:\/\/tizo.info\/wp-content\/uploads\/2021\/10\/Film-sinemaei-Dynamite-Nuernberg-comedy-05.12.2021.jpeg\" \/>\n\t<meta property=\"og:image:width\" content=\"892\" \/>\n\t<meta property=\"og:image:height\" content=\"1280\" \/>\n\t<meta property=\"og:image:type\" content=\"image\/jpeg\" \/>\n<meta name=\"twitter:card\" content=\"summary_large_image\" \/>\n<script type=\"application\/ld+json\" class=\"yoast-schema-graph\">{\"@context\":\"https:\\\/\\\/schema.org\",\"@graph\":[{\"@type\":\"WebPage\",\"@id\":\"https:\\\/\\\/tizo.info\\\/product\\\/film-sinemaei-dynamite-nuernberg-comedy-05-12-2021\\\/\",\"url\":\"https:\\\/\\\/tizo.info\\\/product\\\/film-sinemaei-dynamite-nuernberg-comedy-05-12-2021\\\/\",\"name\":\"Dynamite Movie in N\u00fcrnberg! - Tizo Ticketing\",\"isPartOf\":{\"@id\":\"https:\\\/\\\/tizo.info\\\/#website\"},\"primaryImageOfPage\":{\"@id\":\"https:\\\/\\\/tizo.info\\\/product\\\/film-sinemaei-dynamite-nuernberg-comedy-05-12-2021\\\/#primaryimage\"},\"image\":{\"@id\":\"https:\\\/\\\/tizo.info\\\/product\\\/film-sinemaei-dynamite-nuernberg-comedy-05-12-2021\\\/#primaryimage\"},\"thumbnailUrl\":\"https:\\\/\\\/tizo.info\\\/wp-content\\\/uploads\\\/2021\\\/10\\\/Film-sinemaei-Dynamite-Nuernberg-comedy-05.12.2021.jpeg\",\"datePublished\":\"2021-10-04T16:10:15+00:00\",\"dateModified\":\"2025-04-11T13:05:18+00:00\",\"breadcrumb\":{\"@id\":\"https:\\\/\\\/tizo.info\\\/product\\\/film-sinemaei-dynamite-nuernberg-comedy-05-12-2021\\\/#breadcrumb\"},\"inLanguage\":\"en-US\",\"potentialAction\":[{\"@type\":\"ReadAction\",\"target\":[\"https:\\\/\\\/tizo.info\\\/product\\\/film-sinemaei-dynamite-nuernberg-comedy-05-12-2021\\\/\"]}]},{\"@type\":\"ImageObject\",\"inLanguage\":\"en-US\",\"@id\":\"https:\\\/\\\/tizo.info\\\/product\\\/film-sinemaei-dynamite-nuernberg-comedy-05-12-2021\\\/#primaryimage\",\"url\":\"https:\\\/\\\/tizo.info\\\/wp-content\\\/uploads\\\/2021\\\/10\\\/Film-sinemaei-Dynamite-Nuernberg-comedy-05.12.2021.jpeg\",\"contentUrl\":\"https:\\\/\\\/tizo.info\\\/wp-content\\\/uploads\\\/2021\\\/10\\\/Film-sinemaei-Dynamite-Nuernberg-comedy-05.12.2021.jpeg\",\"width\":892,\"height\":1280},{\"@type\":\"BreadcrumbList\",\"@id\":\"https:\\\/\\\/tizo.info\\\/product\\\/film-sinemaei-dynamite-nuernberg-comedy-05-12-2021\\\/#breadcrumb\",\"itemListElement\":[{\"@type\":\"ListItem\",\"position\":1,\"name\":\"Startseite\",\"item\":\"https:\\\/\\\/tizo.info\\\/\"},{\"@type\":\"ListItem\",\"position\":2,\"name\":\"Events\",\"item\":\"https:\\\/\\\/tizo.info\\\/\"},{\"@type\":\"ListItem\",\"position\":3,\"name\":\"Dynamite Movie in N\u00fcrnberg!\"}]},{\"@type\":\"WebSite\",\"@id\":\"https:\\\/\\\/tizo.info\\\/#website\",\"url\":\"https:\\\/\\\/tizo.info\\\/\",\"name\":\"Tizo Ticketing\",\"description\":\"Persian Event Ticket\",\"publisher\":{\"@id\":\"https:\\\/\\\/tizo.info\\\/#organization\"},\"potentialAction\":[{\"@type\":\"SearchAction\",\"target\":{\"@type\":\"EntryPoint\",\"urlTemplate\":\"https:\\\/\\\/tizo.info\\\/?s={search_term_string}\"},\"query-input\":{\"@type\":\"PropertyValueSpecification\",\"valueRequired\":true,\"valueName\":\"search_term_string\"}}],\"inLanguage\":\"en-US\"},{\"@type\":\"Organization\",\"@id\":\"https:\\\/\\\/tizo.info\\\/#organization\",\"name\":\"Tizo Ticketing\",\"url\":\"https:\\\/\\\/tizo.info\\\/\",\"logo\":{\"@type\":\"ImageObject\",\"inLanguage\":\"en-US\",\"@id\":\"https:\\\/\\\/tizo.info\\\/#\\\/schema\\\/logo\\\/image\\\/\",\"url\":\"https:\\\/\\\/tizo.info\\\/wp-content\\\/uploads\\\/2019\\\/09\\\/Tizo-Logo.svg\",\"contentUrl\":\"https:\\\/\\\/tizo.info\\\/wp-content\\\/uploads\\\/2019\\\/09\\\/Tizo-Logo.svg\",\"width\":764,\"height\":456,\"caption\":\"Tizo Ticketing\"},\"image\":{\"@id\":\"https:\\\/\\\/tizo.info\\\/#\\\/schema\\\/logo\\\/image\\\/\"}}]}<\/script>\n<!-- \/ Yoast SEO plugin. -->","yoast_head_json":{"title":"Dynamite Movie in N\u00fcrnberg! - Tizo Ticketing","robots":{"index":"index","follow":"follow","max-snippet":"max-snippet:-1","max-image-preview":"max-image-preview:large","max-video-preview":"max-video-preview:-1"},"canonical":"https:\/\/tizo.info\/en\/product\/film-sinemaei-dynamite-nuernberg-comedy-05-12-2021\/","og_locale":"en_US","og_type":"article","og_title":"Dynamite Movie in N\u00fcrnberg! - Tizo Ticketing","og_description":"Sonntag 05.12.2021 Dynamite Movie in N\u00fcrnberg!     \ud83d\udccd Admiral-Filmpalast Palast K\u00f6nigstra\u00dfe 11 , 90402 N\u00fcrnberg    \ud83d\udcc5 Sonntag - 05.12.2021   \ud83c\udf89 Einlass: 16:45 Uhr   \u2139\ufe0f +49 176 2191 1321   \ud83d\udcb0 ab 15\/- Euro   \ud83c\udfab www.Tizo.info    * \u0628\u0631\u0646\u0627\u0645\u0647 \u06af\u0630\u0627\u0631 \u062f\u0631 \u0627\u0646\u062a\u062e\u0627\u0628 \u0645\u0647\u0645\u0627\u0646 \u0622\u0632\u0627\u062f \u0627\u0633\u062a. * \u0628\u0644\u06cc\u0637 \u0641\u0631\u0648\u062e\u062a\u0647 \u0634\u062f\u0647 \u067e\u0633 \u06af\u0631\u0641\u062a\u0647 \u0646\u0645\u06cc\u0634\u0648\u062f. - \u0645\u06a9\u0627\u0646 \u0645\u0648\u0631\u062f \u0646\u0638\u0631 \u062e\u0648\u062f \u0631\u0627 \u0627\u0646\u062a\u062e\u0627\u0628 \u06a9\u0646\u06cc\u062f.","og_url":"https:\/\/tizo.info\/en\/product\/film-sinemaei-dynamite-nuernberg-comedy-05-12-2021\/","og_site_name":"Tizo Ticketing","article_modified_time":"2025-04-11T13:05:18+00:00","og_image":[{"width":892,"height":1280,"url":"https:\/\/tizo.info\/wp-content\/uploads\/2021\/10\/Film-sinemaei-Dynamite-Nuernberg-comedy-05.12.2021.jpeg","type":"image\/jpeg"}],"twitter_card":"summary_large_image","schema":{"@context":"https:\/\/schema.org","@graph":[{"@type":"WebPage","@id":"https:\/\/tizo.info\/product\/film-sinemaei-dynamite-nuernberg-comedy-05-12-2021\/","url":"https:\/\/tizo.info\/product\/film-sinemaei-dynamite-nuernberg-comedy-05-12-2021\/","name":"Dynamite Movie in N\u00fcrnberg! - Tizo Ticketing","isPartOf":{"@id":"https:\/\/tizo.info\/#website"},"primaryImageOfPage":{"@id":"https:\/\/tizo.info\/product\/film-sinemaei-dynamite-nuernberg-comedy-05-12-2021\/#primaryimage"},"image":{"@id":"https:\/\/tizo.info\/product\/film-sinemaei-dynamite-nuernberg-comedy-05-12-2021\/#primaryimage"},"thumbnailUrl":"https:\/\/tizo.info\/wp-content\/uploads\/2021\/10\/Film-sinemaei-Dynamite-Nuernberg-comedy-05.12.2021.jpeg","datePublished":"2021-10-04T16:10:15+00:00","dateModified":"2025-04-11T13:05:18+00:00","breadcrumb":{"@id":"https:\/\/tizo.info\/product\/film-sinemaei-dynamite-nuernberg-comedy-05-12-2021\/#breadcrumb"},"inLanguage":"en-US","potentialAction":[{"@type":"ReadAction","target":["https:\/\/tizo.info\/product\/film-sinemaei-dynamite-nuernberg-comedy-05-12-2021\/"]}]},{"@type":"ImageObject","inLanguage":"en-US","@id":"https:\/\/tizo.info\/product\/film-sinemaei-dynamite-nuernberg-comedy-05-12-2021\/#primaryimage","url":"https:\/\/tizo.info\/wp-content\/uploads\/2021\/10\/Film-sinemaei-Dynamite-Nuernberg-comedy-05.12.2021.jpeg","contentUrl":"https:\/\/tizo.info\/wp-content\/uploads\/2021\/10\/Film-sinemaei-Dynamite-Nuernberg-comedy-05.12.2021.jpeg","width":892,"height":1280},{"@type":"BreadcrumbList","@id":"https:\/\/tizo.info\/product\/film-sinemaei-dynamite-nuernberg-comedy-05-12-2021\/#breadcrumb","itemListElement":[{"@type":"ListItem","position":1,"name":"Startseite","item":"https:\/\/tizo.info\/"},{"@type":"ListItem","position":2,"name":"Events","item":"https:\/\/tizo.info\/"},{"@type":"ListItem","position":3,"name":"Dynamite Movie in N\u00fcrnberg!"}]},{"@type":"WebSite","@id":"https:\/\/tizo.info\/#website","url":"https:\/\/tizo.info\/","name":"Tizo Ticketing","description":"Persian Event Ticket","publisher":{"@id":"https:\/\/tizo.info\/#organization"},"potentialAction":[{"@type":"SearchAction","target":{"@type":"EntryPoint","urlTemplate":"https:\/\/tizo.info\/?s={search_term_string}"},"query-input":{"@type":"PropertyValueSpecification","valueRequired":true,"valueName":"search_term_string"}}],"inLanguage":"en-US"},{"@type":"Organization","@id":"https:\/\/tizo.info\/#organization","name":"Tizo Ticketing","url":"https:\/\/tizo.info\/","logo":{"@type":"ImageObject","inLanguage":"en-US","@id":"https:\/\/tizo.info\/#\/schema\/logo\/image\/","url":"https:\/\/tizo.info\/wp-content\/uploads\/2019\/09\/Tizo-Logo.svg","contentUrl":"https:\/\/tizo.info\/wp-content\/uploads\/2019\/09\/Tizo-Logo.svg","width":764,"height":456,"caption":"Tizo Ticketing"},"image":{"@id":"https:\/\/tizo.info\/#\/schema\/logo\/image\/"}}]}},"post_mailing_queue_ids":[],"_links":{"self":[{"href":"https:\/\/tizo.info\/en\/wp-json\/wp\/v2\/product\/7347","targetHints":{"allow":["GET"]}}],"collection":[{"href":"https:\/\/tizo.info\/en\/wp-json\/wp\/v2\/product"}],"about":[{"href":"https:\/\/tizo.info\/en\/wp-json\/wp\/v2\/types\/product"}],"replies":[{"embeddable":true,"href":"https:\/\/tizo.info\/en\/wp-json\/wp\/v2\/comments?post=7347"}],"version-history":[{"count":1,"href":"https:\/\/tizo.info\/en\/wp-json\/wp\/v2\/product\/7347\/revisions"}],"predecessor-version":[{"id":13412,"href":"https:\/\/tizo.info\/en\/wp-json\/wp\/v2\/product\/7347\/revisions\/13412"}],"wp:featuredmedia":[{"embeddable":true,"href":"https:\/\/tizo.info\/en\/wp-json\/wp\/v2\/media\/7348"}],"wp:attachment":[{"href":"https:\/\/tizo.info\/en\/wp-json\/wp\/v2\/media?parent=7347"}],"wp:term":[{"taxonomy":"product_brand","embeddable":true,"href":"https:\/\/tizo.info\/en\/wp-json\/wp\/v2\/product_brand?post=7347"},{"taxonomy":"product_cat","embeddable":true,"href":"https:\/\/tizo.info\/en\/wp-json\/wp\/v2\/product_cat?post=7347"},{"taxonomy":"product_tag","embeddable":true,"href":"https:\/\/tizo.info\/en\/wp-json\/wp\/v2\/product_tag?post=7347"}],"curies":[{"name":"wp","href":"https:\/\/api.w.org\/{rel}","templated":true}]}}