{"id":4983,"date":"2019-11-11T20:44:51","date_gmt":"2019-11-11T19:44:51","guid":{"rendered":"https:\/\/tizo.info\/?post_type=product&#038;p=4983"},"modified":"2025-04-11T15:05:30","modified_gmt":"2025-04-11T13:05:30","slug":"motreb-movie-in-frankfurt-16-02-2020","status":"publish","type":"product","link":"https:\/\/tizo.info\/en\/product\/motreb-movie-in-frankfurt-16-02-2020\/","title":{"rendered":"Motreb Movie in Frankfurt!"},"content":{"rendered":"","protected":false},"excerpt":{"rendered":"<p style=\"text-align: left;\"><strong>Sunday<\/strong><br \/>\n<strong>16.02.2020<\/strong><br \/>\n<strong>Motreb Movie in Frankfurt!<\/strong><\/p>\n<table style=\"width: 100%;\">\n<tbody>\n<tr>\n<td style=\"width: 25px; text-align: center; vertical-align: top;\">\ud83d\udccd<\/td>\n<td><strong>CineStar Metropolis<\/strong><\/p>\n<p style=\"margin-top: -20px; margin-bottom: -2px; font-size: 15px;\">Mainzer Landstra\u00dfe 681, 65933 Frankfurt am Main<\/p>\n<\/td>\n<\/tr>\n<tr>\n<td style=\"width: 25px; text-align: center;\">\ud83d\udcc5<\/td>\n<td>Sonntag &#8211; 16.02.2020<\/td>\n<\/tr>\n<tr>\n<td style=\"width: 25px; text-align: center;\">\ud83c\udf89<\/td>\n<td>Einlass: 17:00 Uhr<\/td>\n<\/tr>\n<tr>\n<td style=\"width: 25px; text-align: center;\">\u2139\ufe0f<\/td>\n<td>+49 1762 1911 321<\/td>\n<\/tr>\n<tr>\n<td style=\"width: 25px; text-align: center;\">\ud83d\udcb0<\/td>\n<td>AB 15\/- Euro<\/td>\n<\/tr>\n<tr>\n<td style=\"width: 25px; text-align: center;\">\ud83c\udfab<\/td>\n<td><a href=\"https:\/\/tizo.info\/\">www.Tizo.info<\/a><\/td>\n<\/tr>\n<\/tbody>\n<\/table>\n<p class=\"persainf\" style=\"text-align: right;\">* \u0628\u0631\u0646\u0627\u0645\u0647 \u06af\u0630\u0627\u0631 \u062f\u0631 \u0627\u0646\u062a\u062e\u0627\u0628 \u0645\u0647\u0645\u0627\u0646 \u0622\u0632\u0627\u062f \u0627\u0633\u062a.<br \/>\n* \u0628\u0644\u06cc\u0637 \u0641\u0631\u0648\u062e\u062a\u0647 \u0634\u062f\u0647 \u067e\u0633 \u06af\u0631\u0641\u062a\u0647 \u0646\u0645\u06cc\u0634\u0648\u062f.<\/p>\n<p class=\"persainf\" style=\"text-align: right;\"><strong>&#8211; \u0645\u06a9\u0627\u0646 \u0645\u0648\u0631\u062f \u0646\u0638\u0631 \u062e\u0648\u062f \u0631\u0627 \u0627\u0646\u062a\u062e\u0627\u0628 \u06a9\u0646\u06cc\u062f.<\/strong><\/p>\n<p><img fetchpriority=\"high\" decoding=\"async\" class=\"aligncenter\" src=\"https:\/\/tizo.info\/wp-content\/uploads\/2019\/07\/Arrow-tizo.info_.gif\" alt=\"Tizo.info - Persian Events\" width=\"500\" height=\"252\" \/><\/p>","protected":false},"featured_media":4984,"comment_status":"closed","ping_status":"closed","template":"","meta":{"inline_featured_image":false},"product_brand":[],"product_cat":[43,42],"product_tag":[100,170,99,51,52,174,104,101,119,172,173,98,171,138,57,102,140,103],"class_list":{"0":"post-4983","1":"product","2":"type-product","3":"status-publish","4":"has-post-thumbnail","6":"product_cat-frankfurt","7":"product_cat-germany","8":"product_tag-cinema","9":"product_tag-elnaz-shakerdoost","10":"product_tag-film","11":"product_tag-frankfurt","12":"product_tag-germany","13":"product_tag-golden-time-entertainment","14":"product_tag-iranian-movie","15":"product_tag-kino","16":"product_tag-mehran-ahmadi","17":"product_tag-mohsen-kiayee","18":"product_tag-motreb","19":"product_tag-movie","20":"product_tag-parviz-parastui","21":"product_tag-persian","22":"product_tag-persian-event","23":"product_tag-persian-movie","24":"product_tag-persisch","25":"product_tag-persische-filme","27":"first","28":"instock","29":"shipping-taxable","30":"product-type-external"},"yoast_head":"<!-- This site is optimized with the Yoast SEO plugin v27.5 - https:\/\/yoast.com\/product\/yoast-seo-wordpress\/ -->\n<title>Motreb Movie in Frankfurt! - Tizo Ticketing<\/title>\n<meta name=\"robots\" content=\"index, follow, max-snippet:-1, max-image-preview:large, max-video-preview:-1\" \/>\n<link rel=\"canonical\" href=\"https:\/\/tizo.info\/en\/product\/motreb-movie-in-frankfurt-16-02-2020\/\" \/>\n<meta property=\"og:locale\" content=\"en_US\" \/>\n<meta property=\"og:type\" content=\"article\" \/>\n<meta property=\"og:title\" content=\"Motreb Movie in Frankfurt! - Tizo Ticketing\" \/>\n<meta property=\"og:description\" content=\"Sonntag 16.02.2020 Motreb Movie in Frankfurt!     \ud83d\udccd CineStar Metropolis Mainzer Landstra\u00dfe 681, 65933 Frankfurt am Main    \ud83d\udcc5 Sonntag - 16.02.2020   \ud83c\udf89 Einlass: 17:00 Uhr   \u2139\ufe0f +49 1762 1911 321   \ud83d\udcb0 AB 15\/- Euro   \ud83c\udfab www.Tizo.info    * \u0628\u0631\u0646\u0627\u0645\u0647 \u06af\u0630\u0627\u0631 \u062f\u0631 \u0627\u0646\u062a\u062e\u0627\u0628 \u0645\u0647\u0645\u0627\u0646 \u0622\u0632\u0627\u062f \u0627\u0633\u062a. * \u0628\u0644\u06cc\u0637 \u0641\u0631\u0648\u062e\u062a\u0647 \u0634\u062f\u0647 \u067e\u0633 \u06af\u0631\u0641\u062a\u0647 \u0646\u0645\u06cc\u0634\u0648\u062f. - \u0645\u06a9\u0627\u0646 \u0645\u0648\u0631\u062f \u0646\u0638\u0631 \u062e\u0648\u062f \u0631\u0627 \u0627\u0646\u062a\u062e\u0627\u0628 \u06a9\u0646\u06cc\u062f.\" \/>\n<meta property=\"og:url\" content=\"https:\/\/tizo.info\/en\/product\/motreb-movie-in-frankfurt-16-02-2020\/\" \/>\n<meta property=\"og:site_name\" content=\"Tizo Ticketing\" \/>\n<meta property=\"article:modified_time\" content=\"2025-04-11T13:05:30+00:00\" \/>\n<meta property=\"og:image\" content=\"https:\/\/tizo.info\/wp-content\/uploads\/2020\/01\/motreb-film-frankfurt-16-02-2020.jpg\" \/>\n\t<meta property=\"og:image:width\" content=\"642\" \/>\n\t<meta property=\"og:image:height\" content=\"749\" \/>\n\t<meta property=\"og:image:type\" content=\"image\/jpeg\" \/>\n<meta name=\"twitter:card\" content=\"summary_large_image\" \/>\n<script type=\"application\/ld+json\" class=\"yoast-schema-graph\">{\"@context\":\"https:\\\/\\\/schema.org\",\"@graph\":[{\"@type\":\"WebPage\",\"@id\":\"https:\\\/\\\/tizo.info\\\/product\\\/motreb-movie-in-frankfurt-16-02-2020\\\/\",\"url\":\"https:\\\/\\\/tizo.info\\\/product\\\/motreb-movie-in-frankfurt-16-02-2020\\\/\",\"name\":\"Motreb Movie in Frankfurt! - Tizo Ticketing\",\"isPartOf\":{\"@id\":\"https:\\\/\\\/tizo.info\\\/#website\"},\"primaryImageOfPage\":{\"@id\":\"https:\\\/\\\/tizo.info\\\/product\\\/motreb-movie-in-frankfurt-16-02-2020\\\/#primaryimage\"},\"image\":{\"@id\":\"https:\\\/\\\/tizo.info\\\/product\\\/motreb-movie-in-frankfurt-16-02-2020\\\/#primaryimage\"},\"thumbnailUrl\":\"https:\\\/\\\/tizo.info\\\/wp-content\\\/uploads\\\/2020\\\/01\\\/motreb-film-frankfurt-16-02-2020.jpg\",\"datePublished\":\"2019-11-11T19:44:51+00:00\",\"dateModified\":\"2025-04-11T13:05:30+00:00\",\"breadcrumb\":{\"@id\":\"https:\\\/\\\/tizo.info\\\/product\\\/motreb-movie-in-frankfurt-16-02-2020\\\/#breadcrumb\"},\"inLanguage\":\"en-US\",\"potentialAction\":[{\"@type\":\"ReadAction\",\"target\":[\"https:\\\/\\\/tizo.info\\\/product\\\/motreb-movie-in-frankfurt-16-02-2020\\\/\"]}]},{\"@type\":\"ImageObject\",\"inLanguage\":\"en-US\",\"@id\":\"https:\\\/\\\/tizo.info\\\/product\\\/motreb-movie-in-frankfurt-16-02-2020\\\/#primaryimage\",\"url\":\"https:\\\/\\\/tizo.info\\\/wp-content\\\/uploads\\\/2020\\\/01\\\/motreb-film-frankfurt-16-02-2020.jpg\",\"contentUrl\":\"https:\\\/\\\/tizo.info\\\/wp-content\\\/uploads\\\/2020\\\/01\\\/motreb-film-frankfurt-16-02-2020.jpg\",\"width\":642,\"height\":749,\"caption\":\"Movie, motreb-film-frankfurt-16-02-2020, Tizo Ticketing, Online Ticket, Persian Event Germany, Persian Event Frankfurt, Persian Event Berlin, Persian Event Hamburg, Persian Event D\u00fcsseldorf, Persian Event K\u00f6ln, Persian Party Germany, Persian Party Frankfurt, Persian Party Berlin, Persian Party Hamburg, Persian Party D\u00fcsseldorf, Persian Party K\u00f6ln, Persian Concert Germany, Persian Concert Frankfurt, Persian Concert Berlin, Persian Concert Hamburg, Persian Concert D\u00fcsseldorf, Persian Concert K\u00f6ln, Persisches Konzert Germany, Persisches Konzert Frankfurt, Persisches Konzert Berlin, Persisches Konzert Hamburg, Persisches Konzert D\u00fcsseldorf, Persisches Konzert K\u00f6ln\"},{\"@type\":\"BreadcrumbList\",\"@id\":\"https:\\\/\\\/tizo.info\\\/product\\\/motreb-movie-in-frankfurt-16-02-2020\\\/#breadcrumb\",\"itemListElement\":[{\"@type\":\"ListItem\",\"position\":1,\"name\":\"Startseite\",\"item\":\"https:\\\/\\\/tizo.info\\\/\"},{\"@type\":\"ListItem\",\"position\":2,\"name\":\"Events\",\"item\":\"https:\\\/\\\/tizo.info\\\/\"},{\"@type\":\"ListItem\",\"position\":3,\"name\":\"Motreb Movie in Frankfurt!\"}]},{\"@type\":\"WebSite\",\"@id\":\"https:\\\/\\\/tizo.info\\\/#website\",\"url\":\"https:\\\/\\\/tizo.info\\\/\",\"name\":\"Tizo Ticketing\",\"description\":\"Persian Event Ticket\",\"publisher\":{\"@id\":\"https:\\\/\\\/tizo.info\\\/#organization\"},\"potentialAction\":[{\"@type\":\"SearchAction\",\"target\":{\"@type\":\"EntryPoint\",\"urlTemplate\":\"https:\\\/\\\/tizo.info\\\/?s={search_term_string}\"},\"query-input\":{\"@type\":\"PropertyValueSpecification\",\"valueRequired\":true,\"valueName\":\"search_term_string\"}}],\"inLanguage\":\"en-US\"},{\"@type\":\"Organization\",\"@id\":\"https:\\\/\\\/tizo.info\\\/#organization\",\"name\":\"Tizo Ticketing\",\"url\":\"https:\\\/\\\/tizo.info\\\/\",\"logo\":{\"@type\":\"ImageObject\",\"inLanguage\":\"en-US\",\"@id\":\"https:\\\/\\\/tizo.info\\\/#\\\/schema\\\/logo\\\/image\\\/\",\"url\":\"https:\\\/\\\/tizo.info\\\/wp-content\\\/uploads\\\/2019\\\/09\\\/Tizo-Logo.svg\",\"contentUrl\":\"https:\\\/\\\/tizo.info\\\/wp-content\\\/uploads\\\/2019\\\/09\\\/Tizo-Logo.svg\",\"width\":764,\"height\":456,\"caption\":\"Tizo Ticketing\"},\"image\":{\"@id\":\"https:\\\/\\\/tizo.info\\\/#\\\/schema\\\/logo\\\/image\\\/\"}}]}<\/script>\n<!-- \/ Yoast SEO plugin. -->","yoast_head_json":{"title":"Motreb Movie in Frankfurt! - Tizo Ticketing","robots":{"index":"index","follow":"follow","max-snippet":"max-snippet:-1","max-image-preview":"max-image-preview:large","max-video-preview":"max-video-preview:-1"},"canonical":"https:\/\/tizo.info\/en\/product\/motreb-movie-in-frankfurt-16-02-2020\/","og_locale":"en_US","og_type":"article","og_title":"Motreb Movie in Frankfurt! - Tizo Ticketing","og_description":"Sonntag 16.02.2020 Motreb Movie in Frankfurt!     \ud83d\udccd CineStar Metropolis Mainzer Landstra\u00dfe 681, 65933 Frankfurt am Main    \ud83d\udcc5 Sonntag - 16.02.2020   \ud83c\udf89 Einlass: 17:00 Uhr   \u2139\ufe0f +49 1762 1911 321   \ud83d\udcb0 AB 15\/- Euro   \ud83c\udfab www.Tizo.info    * \u0628\u0631\u0646\u0627\u0645\u0647 \u06af\u0630\u0627\u0631 \u062f\u0631 \u0627\u0646\u062a\u062e\u0627\u0628 \u0645\u0647\u0645\u0627\u0646 \u0622\u0632\u0627\u062f \u0627\u0633\u062a. * \u0628\u0644\u06cc\u0637 \u0641\u0631\u0648\u062e\u062a\u0647 \u0634\u062f\u0647 \u067e\u0633 \u06af\u0631\u0641\u062a\u0647 \u0646\u0645\u06cc\u0634\u0648\u062f. - \u0645\u06a9\u0627\u0646 \u0645\u0648\u0631\u062f \u0646\u0638\u0631 \u062e\u0648\u062f \u0631\u0627 \u0627\u0646\u062a\u062e\u0627\u0628 \u06a9\u0646\u06cc\u062f.","og_url":"https:\/\/tizo.info\/en\/product\/motreb-movie-in-frankfurt-16-02-2020\/","og_site_name":"Tizo Ticketing","article_modified_time":"2025-04-11T13:05:30+00:00","og_image":[{"width":642,"height":749,"url":"https:\/\/tizo.info\/wp-content\/uploads\/2020\/01\/motreb-film-frankfurt-16-02-2020.jpg","type":"image\/jpeg"}],"twitter_card":"summary_large_image","schema":{"@context":"https:\/\/schema.org","@graph":[{"@type":"WebPage","@id":"https:\/\/tizo.info\/product\/motreb-movie-in-frankfurt-16-02-2020\/","url":"https:\/\/tizo.info\/product\/motreb-movie-in-frankfurt-16-02-2020\/","name":"Motreb Movie in Frankfurt! - Tizo Ticketing","isPartOf":{"@id":"https:\/\/tizo.info\/#website"},"primaryImageOfPage":{"@id":"https:\/\/tizo.info\/product\/motreb-movie-in-frankfurt-16-02-2020\/#primaryimage"},"image":{"@id":"https:\/\/tizo.info\/product\/motreb-movie-in-frankfurt-16-02-2020\/#primaryimage"},"thumbnailUrl":"https:\/\/tizo.info\/wp-content\/uploads\/2020\/01\/motreb-film-frankfurt-16-02-2020.jpg","datePublished":"2019-11-11T19:44:51+00:00","dateModified":"2025-04-11T13:05:30+00:00","breadcrumb":{"@id":"https:\/\/tizo.info\/product\/motreb-movie-in-frankfurt-16-02-2020\/#breadcrumb"},"inLanguage":"en-US","potentialAction":[{"@type":"ReadAction","target":["https:\/\/tizo.info\/product\/motreb-movie-in-frankfurt-16-02-2020\/"]}]},{"@type":"ImageObject","inLanguage":"en-US","@id":"https:\/\/tizo.info\/product\/motreb-movie-in-frankfurt-16-02-2020\/#primaryimage","url":"https:\/\/tizo.info\/wp-content\/uploads\/2020\/01\/motreb-film-frankfurt-16-02-2020.jpg","contentUrl":"https:\/\/tizo.info\/wp-content\/uploads\/2020\/01\/motreb-film-frankfurt-16-02-2020.jpg","width":642,"height":749,"caption":"Movie, motreb-film-frankfurt-16-02-2020, Tizo Ticketing, Online Ticket, Persian Event Germany, Persian Event Frankfurt, Persian Event Berlin, Persian Event Hamburg, Persian Event D\u00fcsseldorf, Persian Event K\u00f6ln, Persian Party Germany, Persian Party Frankfurt, Persian Party Berlin, Persian Party Hamburg, Persian Party D\u00fcsseldorf, Persian Party K\u00f6ln, Persian Concert Germany, Persian Concert Frankfurt, Persian Concert Berlin, Persian Concert Hamburg, Persian Concert D\u00fcsseldorf, Persian Concert K\u00f6ln, Persisches Konzert Germany, Persisches Konzert Frankfurt, Persisches Konzert Berlin, Persisches Konzert Hamburg, Persisches Konzert D\u00fcsseldorf, Persisches Konzert K\u00f6ln"},{"@type":"BreadcrumbList","@id":"https:\/\/tizo.info\/product\/motreb-movie-in-frankfurt-16-02-2020\/#breadcrumb","itemListElement":[{"@type":"ListItem","position":1,"name":"Startseite","item":"https:\/\/tizo.info\/"},{"@type":"ListItem","position":2,"name":"Events","item":"https:\/\/tizo.info\/"},{"@type":"ListItem","position":3,"name":"Motreb Movie in Frankfurt!"}]},{"@type":"WebSite","@id":"https:\/\/tizo.info\/#website","url":"https:\/\/tizo.info\/","name":"Tizo Ticketing","description":"Persian Event Ticket","publisher":{"@id":"https:\/\/tizo.info\/#organization"},"potentialAction":[{"@type":"SearchAction","target":{"@type":"EntryPoint","urlTemplate":"https:\/\/tizo.info\/?s={search_term_string}"},"query-input":{"@type":"PropertyValueSpecification","valueRequired":true,"valueName":"search_term_string"}}],"inLanguage":"en-US"},{"@type":"Organization","@id":"https:\/\/tizo.info\/#organization","name":"Tizo Ticketing","url":"https:\/\/tizo.info\/","logo":{"@type":"ImageObject","inLanguage":"en-US","@id":"https:\/\/tizo.info\/#\/schema\/logo\/image\/","url":"https:\/\/tizo.info\/wp-content\/uploads\/2019\/09\/Tizo-Logo.svg","contentUrl":"https:\/\/tizo.info\/wp-content\/uploads\/2019\/09\/Tizo-Logo.svg","width":764,"height":456,"caption":"Tizo Ticketing"},"image":{"@id":"https:\/\/tizo.info\/#\/schema\/logo\/image\/"}}]}},"post_mailing_queue_ids":[],"_links":{"self":[{"href":"https:\/\/tizo.info\/en\/wp-json\/wp\/v2\/product\/4983","targetHints":{"allow":["GET"]}}],"collection":[{"href":"https:\/\/tizo.info\/en\/wp-json\/wp\/v2\/product"}],"about":[{"href":"https:\/\/tizo.info\/en\/wp-json\/wp\/v2\/types\/product"}],"replies":[{"embeddable":true,"href":"https:\/\/tizo.info\/en\/wp-json\/wp\/v2\/comments?post=4983"}],"version-history":[{"count":1,"href":"https:\/\/tizo.info\/en\/wp-json\/wp\/v2\/product\/4983\/revisions"}],"predecessor-version":[{"id":13427,"href":"https:\/\/tizo.info\/en\/wp-json\/wp\/v2\/product\/4983\/revisions\/13427"}],"wp:featuredmedia":[{"embeddable":true,"href":"https:\/\/tizo.info\/en\/wp-json\/wp\/v2\/media\/4984"}],"wp:attachment":[{"href":"https:\/\/tizo.info\/en\/wp-json\/wp\/v2\/media?parent=4983"}],"wp:term":[{"taxonomy":"product_brand","embeddable":true,"href":"https:\/\/tizo.info\/en\/wp-json\/wp\/v2\/product_brand?post=4983"},{"taxonomy":"product_cat","embeddable":true,"href":"https:\/\/tizo.info\/en\/wp-json\/wp\/v2\/product_cat?post=4983"},{"taxonomy":"product_tag","embeddable":true,"href":"https:\/\/tizo.info\/en\/wp-json\/wp\/v2\/product_tag?post=4983"}],"curies":[{"name":"wp","href":"https:\/\/api.w.org\/{rel}","templated":true}]}}