{"id":4877,"date":"2020-01-13T18:30:17","date_gmt":"2020-01-13T17:30:17","guid":{"rendered":"https:\/\/tizo.info\/?post_type=product&#038;p=4877"},"modified":"2025-04-11T15:05:26","modified_gmt":"2025-04-11T13:05:26","slug":"the-biggest-nowruz-concert-shahram_solati-kamran-hooman-sami_beigi-sandy-jamshid-duesseldorf-21-03-2020","status":"publish","type":"product","link":"https:\/\/tizo.info\/en\/product\/the-biggest-nowruz-concert-shahram_solati-kamran-hooman-sami_beigi-sandy-jamshid-duesseldorf-21-03-2020\/","title":{"rendered":"The biggest Nowruz Concert in D\u00fcsseldorf!"},"content":{"rendered":"","protected":false},"excerpt":{"rendered":"<p style=\"text-align: left;\"><strong>Saturday<\/strong><br \/>\n<strong>21.03.2020<\/strong><br \/>\n<strong>Shahram Solati, Kamran, Hooman, Sami Beigi, Sandy &amp; Jamshid live in D\u00fcsseldorf!<\/strong><\/p>\n<table style=\"width: 100%;\">\n<tbody>\n<tr>\n<td style=\"width: 25px; text-align: center; vertical-align: top;\">\ud83d\udccd<\/td>\n<td><strong>Mitsubishi Electric Halle<\/strong><\/p>\n<p style=\"margin-top: -20px; margin-bottom: -2px; font-size: 15px;\">Siegburger Str. 17, 40591 D\u00fcsseldorf<\/p>\n<\/td>\n<\/tr>\n<tr>\n<td style=\"width: 25px; text-align: center;\">\ud83d\udcc5<\/td>\n<td>Samstag &#8211; 21.03.2020<\/td>\n<\/tr>\n<tr>\n<td style=\"width: 25px; text-align: center;\">\ud83c\udf89<\/td>\n<td>Doors open at 7:00 PM<\/td>\n<\/tr>\n<tr>\n<td style=\"width: 25px; text-align: center;\">\u2139\ufe0f<\/td>\n<td>+49 152 574 466 94<\/td>\n<\/tr>\n<tr>\n<td style=\"width: 25px; text-align: center;\">\u2139\ufe0f<\/td>\n<td>+49 178 500 5566<\/td>\n<\/tr>\n<tr>\n<td style=\"width: 25px; text-align: center;\">\u2139\ufe0f<\/td>\n<td>+49 171 8180 111<\/td>\n<\/tr>\n<tr>\n<td style=\"width: 25px; text-align: center;\">\ud83d\udcb0<\/td>\n<td>Ab 49\/- Euro<\/td>\n<\/tr>\n<tr>\n<td style=\"width: 25px; text-align: center;\">\ud83c\udfab<\/td>\n<td><a href=\"https:\/\/tizo.info\/\">www.Tizo.info<\/a><\/td>\n<\/tr>\n<\/tbody>\n<\/table>\n<p class=\"persainf\" style=\"text-align: right;\">* \u0628\u0631\u0646\u0627\u0645\u0647 \u06af\u0630\u0627\u0631 \u062f\u0631 \u0627\u0646\u062a\u062e\u0627\u0628 \u0645\u0647\u0645\u0627\u0646 \u0622\u0632\u0627\u062f \u0627\u0633\u062a.<br \/>\n* \u0628\u0644\u06cc\u0637 \u0641\u0631\u0648\u062e\u062a\u0647 \u0634\u062f\u0647 \u067e\u0633 \u06af\u0631\u0641\u062a\u0647 \u0646\u0645\u06cc\u0634\u0648\u062f.<\/p>\n<p class=\"persainf\" style=\"text-align: right;\"><strong>&#8211; \u0645\u06a9\u0627\u0646 \u0645\u0648\u0631\u062f \u0646\u0638\u0631 \u062e\u0648\u062f \u0631\u0627 \u0627\u0646\u062a\u062e\u0627\u0628 \u06a9\u0646\u06cc\u062f.<\/strong><\/p>\n<p><img fetchpriority=\"high\" decoding=\"async\" class=\"aligncenter\" src=\"https:\/\/tizo.info\/wp-content\/uploads\/2019\/07\/Arrow-tizo.info_.gif\" alt=\"Tizo.info - Persian Events\" width=\"500\" height=\"252\" \/><\/p>","protected":false},"featured_media":4878,"comment_status":"closed","ping_status":"closed","template":"","meta":{"inline_featured_image":false},"product_brand":[],"product_cat":[93,42],"product_tag":[94,52,163,129,166,162,53,138,111,57,58,140,142,164,165,169,161,168,75],"class_list":{"0":"post-4877","1":"product","2":"type-product","3":"status-publish","4":"has-post-thumbnail","6":"product_cat-duesseldorf","7":"product_cat-germany","8":"product_tag-duesseldorf","9":"product_tag-germany","10":"product_tag-hooman","11":"product_tag-intermp","12":"product_tag-jamshid","13":"product_tag-kamran","14":"product_tag-live-music","15":"product_tag-persian","16":"product_tag-persian-concert","17":"product_tag-persian-event","18":"product_tag-persian-music","19":"product_tag-persisch","20":"product_tag-persisches-konzert","21":"product_tag-sami-beigi","22":"product_tag-sandy","23":"product_tag-shahram-azar","24":"product_tag-shahram-solati","25":"product_tag-sixeightevents","26":"product_tag-tizo","28":"first","29":"instock","30":"shipping-taxable","31":"product-type-external"},"yoast_head":"<!-- This site is optimized with the Yoast SEO plugin v27.5 - https:\/\/yoast.com\/product\/yoast-seo-wordpress\/ -->\n<title>The biggest Nowruz Concert in D\u00fcsseldorf! - Tizo Ticketing<\/title>\n<meta name=\"robots\" content=\"index, follow, max-snippet:-1, max-image-preview:large, max-video-preview:-1\" \/>\n<link rel=\"canonical\" href=\"https:\/\/tizo.info\/en\/product\/the-biggest-nowruz-concert-shahram_solati-kamran-hooman-sami_beigi-sandy-jamshid-duesseldorf-21-03-2020\/\" \/>\n<meta property=\"og:locale\" content=\"en_US\" \/>\n<meta property=\"og:type\" content=\"article\" \/>\n<meta property=\"og:title\" content=\"The biggest Nowruz Concert in D\u00fcsseldorf! - Tizo Ticketing\" \/>\n<meta property=\"og:description\" content=\"Samstag 21.03.2020 Shahram Solati, Kamran, Hooman, Sami Beigi, Sandy &amp; Jamshid live in D\u00fcsseldorf!     \ud83d\udccd Mitsubishi Electric Halle Siegburger Str. 17, 40591 D\u00fcsseldorf    \ud83d\udcc5 Samstag - 21.03.2020   \ud83c\udf89 Einlass: 19:00 Uhr   \u2139\ufe0f +49 152 574 466 94   \u2139\ufe0f +49 178 500 5566   \u2139\ufe0f +49 171 8180 111   \ud83d\udcb0 Ab 49\/- Euro   \ud83c\udfab www.Tizo.info    * \u0628\u0631\u0646\u0627\u0645\u0647 \u06af\u0630\u0627\u0631 \u062f\u0631 \u0627\u0646\u062a\u062e\u0627\u0628 \u0645\u0647\u0645\u0627\u0646 \u0622\u0632\u0627\u062f \u0627\u0633\u062a. * \u0628\u0644\u06cc\u0637 \u0641\u0631\u0648\u062e\u062a\u0647 \u0634\u062f\u0647 \u067e\u0633 \u06af\u0631\u0641\u062a\u0647 \u0646\u0645\u06cc\u0634\u0648\u062f. - \u0645\u06a9\u0627\u0646 \u0645\u0648\u0631\u062f \u0646\u0638\u0631 \u062e\u0648\u062f \u0631\u0627 \u0627\u0646\u062a\u062e\u0627\u0628 \u06a9\u0646\u06cc\u062f.\" \/>\n<meta property=\"og:url\" content=\"https:\/\/tizo.info\/en\/product\/the-biggest-nowruz-concert-shahram_solati-kamran-hooman-sami_beigi-sandy-jamshid-duesseldorf-21-03-2020\/\" \/>\n<meta property=\"og:site_name\" content=\"Tizo Ticketing\" \/>\n<meta property=\"article:modified_time\" content=\"2025-04-11T13:05:26+00:00\" \/>\n<meta property=\"og:image\" content=\"https:\/\/tizo.info\/wp-content\/uploads\/2020\/01\/Shahram_Solati-Kamran-Hooman-Sami_Beigi-Sandy-Jamshid-Duesseldorf-21.03.2020.jpg\" \/>\n\t<meta property=\"og:image:width\" content=\"960\" \/>\n\t<meta property=\"og:image:height\" content=\"960\" \/>\n\t<meta property=\"og:image:type\" content=\"image\/jpeg\" \/>\n<meta name=\"twitter:card\" content=\"summary_large_image\" \/>\n<script type=\"application\/ld+json\" class=\"yoast-schema-graph\">{\"@context\":\"https:\\\/\\\/schema.org\",\"@graph\":[{\"@type\":\"WebPage\",\"@id\":\"https:\\\/\\\/tizo.info\\\/product\\\/the-biggest-nowruz-concert-shahram_solati-kamran-hooman-sami_beigi-sandy-jamshid-duesseldorf-21-03-2020\\\/\",\"url\":\"https:\\\/\\\/tizo.info\\\/product\\\/the-biggest-nowruz-concert-shahram_solati-kamran-hooman-sami_beigi-sandy-jamshid-duesseldorf-21-03-2020\\\/\",\"name\":\"The biggest Nowruz Concert in D\u00fcsseldorf! - Tizo Ticketing\",\"isPartOf\":{\"@id\":\"https:\\\/\\\/tizo.info\\\/#website\"},\"primaryImageOfPage\":{\"@id\":\"https:\\\/\\\/tizo.info\\\/product\\\/the-biggest-nowruz-concert-shahram_solati-kamran-hooman-sami_beigi-sandy-jamshid-duesseldorf-21-03-2020\\\/#primaryimage\"},\"image\":{\"@id\":\"https:\\\/\\\/tizo.info\\\/product\\\/the-biggest-nowruz-concert-shahram_solati-kamran-hooman-sami_beigi-sandy-jamshid-duesseldorf-21-03-2020\\\/#primaryimage\"},\"thumbnailUrl\":\"https:\\\/\\\/tizo.info\\\/wp-content\\\/uploads\\\/2020\\\/01\\\/Shahram_Solati-Kamran-Hooman-Sami_Beigi-Sandy-Jamshid-Duesseldorf-21.03.2020.jpg\",\"datePublished\":\"2020-01-13T17:30:17+00:00\",\"dateModified\":\"2025-04-11T13:05:26+00:00\",\"breadcrumb\":{\"@id\":\"https:\\\/\\\/tizo.info\\\/product\\\/the-biggest-nowruz-concert-shahram_solati-kamran-hooman-sami_beigi-sandy-jamshid-duesseldorf-21-03-2020\\\/#breadcrumb\"},\"inLanguage\":\"en-US\",\"potentialAction\":[{\"@type\":\"ReadAction\",\"target\":[\"https:\\\/\\\/tizo.info\\\/product\\\/the-biggest-nowruz-concert-shahram_solati-kamran-hooman-sami_beigi-sandy-jamshid-duesseldorf-21-03-2020\\\/\"]}]},{\"@type\":\"ImageObject\",\"inLanguage\":\"en-US\",\"@id\":\"https:\\\/\\\/tizo.info\\\/product\\\/the-biggest-nowruz-concert-shahram_solati-kamran-hooman-sami_beigi-sandy-jamshid-duesseldorf-21-03-2020\\\/#primaryimage\",\"url\":\"https:\\\/\\\/tizo.info\\\/wp-content\\\/uploads\\\/2020\\\/01\\\/Shahram_Solati-Kamran-Hooman-Sami_Beigi-Sandy-Jamshid-Duesseldorf-21.03.2020.jpg\",\"contentUrl\":\"https:\\\/\\\/tizo.info\\\/wp-content\\\/uploads\\\/2020\\\/01\\\/Shahram_Solati-Kamran-Hooman-Sami_Beigi-Sandy-Jamshid-Duesseldorf-21.03.2020.jpg\",\"width\":960,\"height\":960,\"caption\":\"Shahram_Solati-Kamran-Hooman-Sami_Beigi-Sandy-Jamshid-Duesseldorf-21.03.2020, Tizo Ticketing, Online Ticket, Persian Event Germany, Persian Event Frankfurt, Persian Event Berlin, Persian Event Hamburg, Persian Event D\u00fcsseldorf, Persian Event K\u00f6ln, Persian Party Germany, Persian Party Frankfurt, Persian Party Berlin, Persian Party Hamburg, Persian Party D\u00fcsseldorf, Persian Party K\u00f6ln, Persian Concert Germany, Persian Concert Frankfurt, Persian Concert Berlin, Persian Concert Hamburg, Persian Concert D\u00fcsseldorf, Persian Concert K\u00f6ln, Persisches Konzert Germany, Persisches Konzert Frankfurt, Persisches Konzert Berlin, Persisches Konzert Hamburg, Persisches Konzert D\u00fcsseldorf, Persisches Konzert K\u00f6ln\"},{\"@type\":\"BreadcrumbList\",\"@id\":\"https:\\\/\\\/tizo.info\\\/product\\\/the-biggest-nowruz-concert-shahram_solati-kamran-hooman-sami_beigi-sandy-jamshid-duesseldorf-21-03-2020\\\/#breadcrumb\",\"itemListElement\":[{\"@type\":\"ListItem\",\"position\":1,\"name\":\"Startseite\",\"item\":\"https:\\\/\\\/tizo.info\\\/\"},{\"@type\":\"ListItem\",\"position\":2,\"name\":\"Events\",\"item\":\"https:\\\/\\\/tizo.info\\\/\"},{\"@type\":\"ListItem\",\"position\":3,\"name\":\"The biggest Nowruz Concert in D\u00fcsseldorf!\"}]},{\"@type\":\"WebSite\",\"@id\":\"https:\\\/\\\/tizo.info\\\/#website\",\"url\":\"https:\\\/\\\/tizo.info\\\/\",\"name\":\"Tizo Ticketing\",\"description\":\"Persian Event Ticket\",\"publisher\":{\"@id\":\"https:\\\/\\\/tizo.info\\\/#organization\"},\"potentialAction\":[{\"@type\":\"SearchAction\",\"target\":{\"@type\":\"EntryPoint\",\"urlTemplate\":\"https:\\\/\\\/tizo.info\\\/?s={search_term_string}\"},\"query-input\":{\"@type\":\"PropertyValueSpecification\",\"valueRequired\":true,\"valueName\":\"search_term_string\"}}],\"inLanguage\":\"en-US\"},{\"@type\":\"Organization\",\"@id\":\"https:\\\/\\\/tizo.info\\\/#organization\",\"name\":\"Tizo Ticketing\",\"url\":\"https:\\\/\\\/tizo.info\\\/\",\"logo\":{\"@type\":\"ImageObject\",\"inLanguage\":\"en-US\",\"@id\":\"https:\\\/\\\/tizo.info\\\/#\\\/schema\\\/logo\\\/image\\\/\",\"url\":\"https:\\\/\\\/tizo.info\\\/wp-content\\\/uploads\\\/2019\\\/09\\\/Tizo-Logo.svg\",\"contentUrl\":\"https:\\\/\\\/tizo.info\\\/wp-content\\\/uploads\\\/2019\\\/09\\\/Tizo-Logo.svg\",\"width\":764,\"height\":456,\"caption\":\"Tizo Ticketing\"},\"image\":{\"@id\":\"https:\\\/\\\/tizo.info\\\/#\\\/schema\\\/logo\\\/image\\\/\"}}]}<\/script>\n<!-- \/ Yoast SEO plugin. -->","yoast_head_json":{"title":"The biggest Nowruz Concert in D\u00fcsseldorf! - Tizo Ticketing","robots":{"index":"index","follow":"follow","max-snippet":"max-snippet:-1","max-image-preview":"max-image-preview:large","max-video-preview":"max-video-preview:-1"},"canonical":"https:\/\/tizo.info\/en\/product\/the-biggest-nowruz-concert-shahram_solati-kamran-hooman-sami_beigi-sandy-jamshid-duesseldorf-21-03-2020\/","og_locale":"en_US","og_type":"article","og_title":"The biggest Nowruz Concert in D\u00fcsseldorf! - Tizo Ticketing","og_description":"Samstag 21.03.2020 Shahram Solati, Kamran, Hooman, Sami Beigi, Sandy &amp; Jamshid live in D\u00fcsseldorf!     \ud83d\udccd Mitsubishi Electric Halle Siegburger Str. 17, 40591 D\u00fcsseldorf    \ud83d\udcc5 Samstag - 21.03.2020   \ud83c\udf89 Einlass: 19:00 Uhr   \u2139\ufe0f +49 152 574 466 94   \u2139\ufe0f +49 178 500 5566   \u2139\ufe0f +49 171 8180 111   \ud83d\udcb0 Ab 49\/- Euro   \ud83c\udfab www.Tizo.info    * \u0628\u0631\u0646\u0627\u0645\u0647 \u06af\u0630\u0627\u0631 \u062f\u0631 \u0627\u0646\u062a\u062e\u0627\u0628 \u0645\u0647\u0645\u0627\u0646 \u0622\u0632\u0627\u062f \u0627\u0633\u062a. * \u0628\u0644\u06cc\u0637 \u0641\u0631\u0648\u062e\u062a\u0647 \u0634\u062f\u0647 \u067e\u0633 \u06af\u0631\u0641\u062a\u0647 \u0646\u0645\u06cc\u0634\u0648\u062f. - \u0645\u06a9\u0627\u0646 \u0645\u0648\u0631\u062f \u0646\u0638\u0631 \u062e\u0648\u062f \u0631\u0627 \u0627\u0646\u062a\u062e\u0627\u0628 \u06a9\u0646\u06cc\u062f.","og_url":"https:\/\/tizo.info\/en\/product\/the-biggest-nowruz-concert-shahram_solati-kamran-hooman-sami_beigi-sandy-jamshid-duesseldorf-21-03-2020\/","og_site_name":"Tizo Ticketing","article_modified_time":"2025-04-11T13:05:26+00:00","og_image":[{"width":960,"height":960,"url":"https:\/\/tizo.info\/wp-content\/uploads\/2020\/01\/Shahram_Solati-Kamran-Hooman-Sami_Beigi-Sandy-Jamshid-Duesseldorf-21.03.2020.jpg","type":"image\/jpeg"}],"twitter_card":"summary_large_image","schema":{"@context":"https:\/\/schema.org","@graph":[{"@type":"WebPage","@id":"https:\/\/tizo.info\/product\/the-biggest-nowruz-concert-shahram_solati-kamran-hooman-sami_beigi-sandy-jamshid-duesseldorf-21-03-2020\/","url":"https:\/\/tizo.info\/product\/the-biggest-nowruz-concert-shahram_solati-kamran-hooman-sami_beigi-sandy-jamshid-duesseldorf-21-03-2020\/","name":"The biggest Nowruz Concert in D\u00fcsseldorf! - Tizo Ticketing","isPartOf":{"@id":"https:\/\/tizo.info\/#website"},"primaryImageOfPage":{"@id":"https:\/\/tizo.info\/product\/the-biggest-nowruz-concert-shahram_solati-kamran-hooman-sami_beigi-sandy-jamshid-duesseldorf-21-03-2020\/#primaryimage"},"image":{"@id":"https:\/\/tizo.info\/product\/the-biggest-nowruz-concert-shahram_solati-kamran-hooman-sami_beigi-sandy-jamshid-duesseldorf-21-03-2020\/#primaryimage"},"thumbnailUrl":"https:\/\/tizo.info\/wp-content\/uploads\/2020\/01\/Shahram_Solati-Kamran-Hooman-Sami_Beigi-Sandy-Jamshid-Duesseldorf-21.03.2020.jpg","datePublished":"2020-01-13T17:30:17+00:00","dateModified":"2025-04-11T13:05:26+00:00","breadcrumb":{"@id":"https:\/\/tizo.info\/product\/the-biggest-nowruz-concert-shahram_solati-kamran-hooman-sami_beigi-sandy-jamshid-duesseldorf-21-03-2020\/#breadcrumb"},"inLanguage":"en-US","potentialAction":[{"@type":"ReadAction","target":["https:\/\/tizo.info\/product\/the-biggest-nowruz-concert-shahram_solati-kamran-hooman-sami_beigi-sandy-jamshid-duesseldorf-21-03-2020\/"]}]},{"@type":"ImageObject","inLanguage":"en-US","@id":"https:\/\/tizo.info\/product\/the-biggest-nowruz-concert-shahram_solati-kamran-hooman-sami_beigi-sandy-jamshid-duesseldorf-21-03-2020\/#primaryimage","url":"https:\/\/tizo.info\/wp-content\/uploads\/2020\/01\/Shahram_Solati-Kamran-Hooman-Sami_Beigi-Sandy-Jamshid-Duesseldorf-21.03.2020.jpg","contentUrl":"https:\/\/tizo.info\/wp-content\/uploads\/2020\/01\/Shahram_Solati-Kamran-Hooman-Sami_Beigi-Sandy-Jamshid-Duesseldorf-21.03.2020.jpg","width":960,"height":960,"caption":"Shahram_Solati-Kamran-Hooman-Sami_Beigi-Sandy-Jamshid-Duesseldorf-21.03.2020, Tizo Ticketing, Online Ticket, Persian Event Germany, Persian Event Frankfurt, Persian Event Berlin, Persian Event Hamburg, Persian Event D\u00fcsseldorf, Persian Event K\u00f6ln, Persian Party Germany, Persian Party Frankfurt, Persian Party Berlin, Persian Party Hamburg, Persian Party D\u00fcsseldorf, Persian Party K\u00f6ln, Persian Concert Germany, Persian Concert Frankfurt, Persian Concert Berlin, Persian Concert Hamburg, Persian Concert D\u00fcsseldorf, Persian Concert K\u00f6ln, Persisches Konzert Germany, Persisches Konzert Frankfurt, Persisches Konzert Berlin, Persisches Konzert Hamburg, Persisches Konzert D\u00fcsseldorf, Persisches Konzert K\u00f6ln"},{"@type":"BreadcrumbList","@id":"https:\/\/tizo.info\/product\/the-biggest-nowruz-concert-shahram_solati-kamran-hooman-sami_beigi-sandy-jamshid-duesseldorf-21-03-2020\/#breadcrumb","itemListElement":[{"@type":"ListItem","position":1,"name":"Startseite","item":"https:\/\/tizo.info\/"},{"@type":"ListItem","position":2,"name":"Events","item":"https:\/\/tizo.info\/"},{"@type":"ListItem","position":3,"name":"The biggest Nowruz Concert in D\u00fcsseldorf!"}]},{"@type":"WebSite","@id":"https:\/\/tizo.info\/#website","url":"https:\/\/tizo.info\/","name":"Tizo Ticketing","description":"Persian Event Ticket","publisher":{"@id":"https:\/\/tizo.info\/#organization"},"potentialAction":[{"@type":"SearchAction","target":{"@type":"EntryPoint","urlTemplate":"https:\/\/tizo.info\/?s={search_term_string}"},"query-input":{"@type":"PropertyValueSpecification","valueRequired":true,"valueName":"search_term_string"}}],"inLanguage":"en-US"},{"@type":"Organization","@id":"https:\/\/tizo.info\/#organization","name":"Tizo Ticketing","url":"https:\/\/tizo.info\/","logo":{"@type":"ImageObject","inLanguage":"en-US","@id":"https:\/\/tizo.info\/#\/schema\/logo\/image\/","url":"https:\/\/tizo.info\/wp-content\/uploads\/2019\/09\/Tizo-Logo.svg","contentUrl":"https:\/\/tizo.info\/wp-content\/uploads\/2019\/09\/Tizo-Logo.svg","width":764,"height":456,"caption":"Tizo Ticketing"},"image":{"@id":"https:\/\/tizo.info\/#\/schema\/logo\/image\/"}}]}},"post_mailing_queue_ids":[],"_links":{"self":[{"href":"https:\/\/tizo.info\/en\/wp-json\/wp\/v2\/product\/4877","targetHints":{"allow":["GET"]}}],"collection":[{"href":"https:\/\/tizo.info\/en\/wp-json\/wp\/v2\/product"}],"about":[{"href":"https:\/\/tizo.info\/en\/wp-json\/wp\/v2\/types\/product"}],"replies":[{"embeddable":true,"href":"https:\/\/tizo.info\/en\/wp-json\/wp\/v2\/comments?post=4877"}],"version-history":[{"count":2,"href":"https:\/\/tizo.info\/en\/wp-json\/wp\/v2\/product\/4877\/revisions"}],"predecessor-version":[{"id":13422,"href":"https:\/\/tizo.info\/en\/wp-json\/wp\/v2\/product\/4877\/revisions\/13422"}],"wp:featuredmedia":[{"embeddable":true,"href":"https:\/\/tizo.info\/en\/wp-json\/wp\/v2\/media\/4878"}],"wp:attachment":[{"href":"https:\/\/tizo.info\/en\/wp-json\/wp\/v2\/media?parent=4877"}],"wp:term":[{"taxonomy":"product_brand","embeddable":true,"href":"https:\/\/tizo.info\/en\/wp-json\/wp\/v2\/product_brand?post=4877"},{"taxonomy":"product_cat","embeddable":true,"href":"https:\/\/tizo.info\/en\/wp-json\/wp\/v2\/product_cat?post=4877"},{"taxonomy":"product_tag","embeddable":true,"href":"https:\/\/tizo.info\/en\/wp-json\/wp\/v2\/product_tag?post=4877"}],"curies":[{"name":"wp","href":"https:\/\/api.w.org\/{rel}","templated":true}]}}