{"id":4868,"date":"2019-11-20T17:41:52","date_gmt":"2019-11-20T16:41:52","guid":{"rendered":"https:\/\/tizo.info\/?post_type=product&#038;p=4868"},"modified":"2025-04-11T15:05:29","modified_gmt":"2025-04-11T13:05:29","slug":"yas-live-in-hamburg","status":"publish","type":"product","link":"https:\/\/tizo.info\/en\/product\/yas-live-in-hamburg\/","title":{"rendered":"Yas live in Hamburg!"},"content":{"rendered":"","protected":false},"excerpt":{"rendered":"<p style=\"text-align: left;\"><strong>Sunday<\/strong><br \/>\n<strong>15.03.2020<\/strong><br \/>\n<strong>Yas live in Frankfurt!<\/strong><\/p>\n<table style=\"width: 100%;\">\n<tbody>\n<tr>\n<td style=\"width: 25px; text-align: center; vertical-align: top;\">\ud83d\udccd<\/td>\n<td><strong>Gruenspan<\/strong><\/p>\n<p style=\"margin-top: -20px; margin-bottom: -2px; font-size: 15px;\"><span class=\"LrzXr\">Gro\u00dfe Freiheit 58, 22767 Hamburg<\/span><\/p>\n<\/td>\n<\/tr>\n<tr>\n<td style=\"width: 25px; text-align: center;\">\ud83d\udcc5<\/td>\n<td>Sonntag &#8211; 15.03.2020<\/td>\n<\/tr>\n<tr>\n<td style=\"width: 25px; text-align: center;\">\ud83c\udf89<\/td>\n<td>Doors open at 7:00 PM<\/td>\n<\/tr>\n<tr>\n<td style=\"width: 25px; text-align: center;\">\u2139\ufe0f<\/td>\n<td>+49 152 525 90 980<\/td>\n<\/tr>\n<tr>\n<td style=\"width: 25px; text-align: center;\">\ud83d\udcb0<\/td>\n<td>Ab 43,26\/- Euro<\/td>\n<\/tr>\n<tr>\n<td style=\"width: 25px; text-align: center;\">\ud83c\udfab<\/td>\n<td><a href=\"https:\/\/tizo.info\/\">www.Tizo.info<\/a><\/td>\n<\/tr>\n<\/tbody>\n<\/table>\n<p class=\"persainf\" style=\"text-align: right;\">* \u0628\u0631\u0646\u0627\u0645\u0647 \u06af\u0630\u0627\u0631 \u062f\u0631 \u0627\u0646\u062a\u062e\u0627\u0628 \u0645\u0647\u0645\u0627\u0646 \u0622\u0632\u0627\u062f \u0627\u0633\u062a.<br \/>\n* \u0628\u0644\u06cc\u0637 \u0641\u0631\u0648\u062e\u062a\u0647 \u0634\u062f\u0647 \u067e\u0633 \u06af\u0631\u0641\u062a\u0647 \u0646\u0645\u06cc\u0634\u0648\u062f.<\/p>\n<p class=\"persainf\" style=\"text-align: right;\"><strong>&#8211; \u0645\u06a9\u0627\u0646 \u0645\u0648\u0631\u062f \u0646\u0638\u0631 \u062e\u0648\u062f \u0631\u0627 \u0627\u0646\u062a\u062e\u0627\u0628 \u06a9\u0646\u06cc\u062f.<\/strong><\/p>\n<p><img fetchpriority=\"high\" decoding=\"async\" class=\"aligncenter\" src=\"https:\/\/tizo.info\/wp-content\/uploads\/2019\/07\/Arrow-tizo.info_.gif\" alt=\"Tizo.info - Persian Events\" width=\"500\" height=\"252\" \/><\/p>","protected":false},"featured_media":4869,"comment_status":"closed","ping_status":"closed","template":"","meta":{"inline_featured_image":false},"product_brand":[],"product_cat":[42,108],"product_tag":[153,52,118,154,53,152,138,111,57,58,140,75,151],"class_list":{"0":"post-4868","1":"product","2":"type-product","3":"status-publish","4":"has-post-thumbnail","6":"product_cat-germany","7":"product_cat-hamburg","8":"product_tag-dj-bless","9":"product_tag-germany","10":"product_tag-hamburg","11":"product_tag-latfro","12":"product_tag-live-music","13":"product_tag-naab-entertainment","14":"product_tag-persian","15":"product_tag-persian-concert","16":"product_tag-persian-event","17":"product_tag-persian-music","18":"product_tag-persisch","19":"product_tag-tizo","20":"product_tag-yas","22":"first","23":"instock","24":"shipping-taxable","25":"product-type-external"},"yoast_head":"<!-- This site is optimized with the Yoast SEO plugin v27.5 - https:\/\/yoast.com\/product\/yoast-seo-wordpress\/ -->\n<title>Yas live in Hamburg! - Tizo Ticketing<\/title>\n<meta name=\"robots\" content=\"index, follow, max-snippet:-1, max-image-preview:large, max-video-preview:-1\" \/>\n<link rel=\"canonical\" href=\"https:\/\/tizo.info\/en\/product\/yas-live-in-hamburg\/\" \/>\n<meta property=\"og:locale\" content=\"en_US\" \/>\n<meta property=\"og:type\" content=\"article\" \/>\n<meta property=\"og:title\" content=\"Yas live in Hamburg! - Tizo Ticketing\" \/>\n<meta property=\"og:description\" content=\"Sonntag 15.03.2020 Yas live in Frankfurt!     \ud83d\udccd Gruenspan Gro\u00dfe Freiheit 58, 22767 Hamburg    \ud83d\udcc5 Sonntag - 15.03.2020   \ud83c\udf89 Einlass: 19:00 Uhr   \u2139\ufe0f +49 152 525 90 980   \ud83d\udcb0 Ab 43,26\/- Euro   \ud83c\udfab www.Tizo.info    * \u0628\u0631\u0646\u0627\u0645\u0647 \u06af\u0630\u0627\u0631 \u062f\u0631 \u0627\u0646\u062a\u062e\u0627\u0628 \u0645\u0647\u0645\u0627\u0646 \u0622\u0632\u0627\u062f \u0627\u0633\u062a. * \u0628\u0644\u06cc\u0637 \u0641\u0631\u0648\u062e\u062a\u0647 \u0634\u062f\u0647 \u067e\u0633 \u06af\u0631\u0641\u062a\u0647 \u0646\u0645\u06cc\u0634\u0648\u062f. - \u0645\u06a9\u0627\u0646 \u0645\u0648\u0631\u062f \u0646\u0638\u0631 \u062e\u0648\u062f \u0631\u0627 \u0627\u0646\u062a\u062e\u0627\u0628 \u06a9\u0646\u06cc\u062f.\" \/>\n<meta property=\"og:url\" content=\"https:\/\/tizo.info\/en\/product\/yas-live-in-hamburg\/\" \/>\n<meta property=\"og:site_name\" content=\"Tizo Ticketing\" \/>\n<meta property=\"article:modified_time\" content=\"2025-04-11T13:05:29+00:00\" \/>\n<meta property=\"og:image\" content=\"https:\/\/tizo.info\/wp-content\/uploads\/2020\/01\/Yas_Hamburg_15.03.2020.jpg\" \/>\n\t<meta property=\"og:image:width\" content=\"2160\" \/>\n\t<meta property=\"og:image:height\" content=\"1080\" \/>\n\t<meta property=\"og:image:type\" content=\"image\/jpeg\" \/>\n<meta name=\"twitter:card\" content=\"summary_large_image\" \/>\n<script type=\"application\/ld+json\" class=\"yoast-schema-graph\">{\"@context\":\"https:\\\/\\\/schema.org\",\"@graph\":[{\"@type\":\"WebPage\",\"@id\":\"https:\\\/\\\/tizo.info\\\/product\\\/yas-live-in-hamburg\\\/\",\"url\":\"https:\\\/\\\/tizo.info\\\/product\\\/yas-live-in-hamburg\\\/\",\"name\":\"Yas live in Hamburg! - Tizo Ticketing\",\"isPartOf\":{\"@id\":\"https:\\\/\\\/tizo.info\\\/#website\"},\"primaryImageOfPage\":{\"@id\":\"https:\\\/\\\/tizo.info\\\/product\\\/yas-live-in-hamburg\\\/#primaryimage\"},\"image\":{\"@id\":\"https:\\\/\\\/tizo.info\\\/product\\\/yas-live-in-hamburg\\\/#primaryimage\"},\"thumbnailUrl\":\"https:\\\/\\\/tizo.info\\\/wp-content\\\/uploads\\\/2020\\\/01\\\/Yas_Hamburg_15.03.2020.jpg\",\"datePublished\":\"2019-11-20T16:41:52+00:00\",\"dateModified\":\"2025-04-11T13:05:29+00:00\",\"breadcrumb\":{\"@id\":\"https:\\\/\\\/tizo.info\\\/product\\\/yas-live-in-hamburg\\\/#breadcrumb\"},\"inLanguage\":\"en-US\",\"potentialAction\":[{\"@type\":\"ReadAction\",\"target\":[\"https:\\\/\\\/tizo.info\\\/product\\\/yas-live-in-hamburg\\\/\"]}]},{\"@type\":\"ImageObject\",\"inLanguage\":\"en-US\",\"@id\":\"https:\\\/\\\/tizo.info\\\/product\\\/yas-live-in-hamburg\\\/#primaryimage\",\"url\":\"https:\\\/\\\/tizo.info\\\/wp-content\\\/uploads\\\/2020\\\/01\\\/Yas_Hamburg_15.03.2020.jpg\",\"contentUrl\":\"https:\\\/\\\/tizo.info\\\/wp-content\\\/uploads\\\/2020\\\/01\\\/Yas_Hamburg_15.03.2020.jpg\",\"width\":2160,\"height\":1080,\"caption\":\"Yas_Hamburg_15.03.2020, Tizo Ticketing, Online Ticket, Persian Event Germany, Persian Event Frankfurt, Persian Event Berlin, Persian Event Hamburg, Persian Event D\u00fcsseldorf, Persian Event K\u00f6ln, Persian Party Germany, Persian Party Frankfurt, Persian Party Berlin, Persian Party Hamburg, Persian Party D\u00fcsseldorf, Persian Party K\u00f6ln, Persian Concert Germany, Persian Concert Frankfurt, Persian Concert Berlin, Persian Concert Hamburg, Persian Concert D\u00fcsseldorf, Persian Concert K\u00f6ln, Persisches Konzert Germany, Persisches Konzert Frankfurt, Persisches Konzert Berlin, Persisches Konzert Hamburg, Persisches Konzert D\u00fcsseldorf, Persisches Konzert K\u00f6ln\"},{\"@type\":\"BreadcrumbList\",\"@id\":\"https:\\\/\\\/tizo.info\\\/product\\\/yas-live-in-hamburg\\\/#breadcrumb\",\"itemListElement\":[{\"@type\":\"ListItem\",\"position\":1,\"name\":\"Startseite\",\"item\":\"https:\\\/\\\/tizo.info\\\/\"},{\"@type\":\"ListItem\",\"position\":2,\"name\":\"Events\",\"item\":\"https:\\\/\\\/tizo.info\\\/\"},{\"@type\":\"ListItem\",\"position\":3,\"name\":\"Yas live in Hamburg!\"}]},{\"@type\":\"WebSite\",\"@id\":\"https:\\\/\\\/tizo.info\\\/#website\",\"url\":\"https:\\\/\\\/tizo.info\\\/\",\"name\":\"Tizo Ticketing\",\"description\":\"Persian Event Ticket\",\"publisher\":{\"@id\":\"https:\\\/\\\/tizo.info\\\/#organization\"},\"potentialAction\":[{\"@type\":\"SearchAction\",\"target\":{\"@type\":\"EntryPoint\",\"urlTemplate\":\"https:\\\/\\\/tizo.info\\\/?s={search_term_string}\"},\"query-input\":{\"@type\":\"PropertyValueSpecification\",\"valueRequired\":true,\"valueName\":\"search_term_string\"}}],\"inLanguage\":\"en-US\"},{\"@type\":\"Organization\",\"@id\":\"https:\\\/\\\/tizo.info\\\/#organization\",\"name\":\"Tizo Ticketing\",\"url\":\"https:\\\/\\\/tizo.info\\\/\",\"logo\":{\"@type\":\"ImageObject\",\"inLanguage\":\"en-US\",\"@id\":\"https:\\\/\\\/tizo.info\\\/#\\\/schema\\\/logo\\\/image\\\/\",\"url\":\"https:\\\/\\\/tizo.info\\\/wp-content\\\/uploads\\\/2019\\\/09\\\/Tizo-Logo.svg\",\"contentUrl\":\"https:\\\/\\\/tizo.info\\\/wp-content\\\/uploads\\\/2019\\\/09\\\/Tizo-Logo.svg\",\"width\":764,\"height\":456,\"caption\":\"Tizo Ticketing\"},\"image\":{\"@id\":\"https:\\\/\\\/tizo.info\\\/#\\\/schema\\\/logo\\\/image\\\/\"}}]}<\/script>\n<!-- \/ Yoast SEO plugin. -->","yoast_head_json":{"title":"Yas live in Hamburg! - Tizo Ticketing","robots":{"index":"index","follow":"follow","max-snippet":"max-snippet:-1","max-image-preview":"max-image-preview:large","max-video-preview":"max-video-preview:-1"},"canonical":"https:\/\/tizo.info\/en\/product\/yas-live-in-hamburg\/","og_locale":"en_US","og_type":"article","og_title":"Yas live in Hamburg! - Tizo Ticketing","og_description":"Sonntag 15.03.2020 Yas live in Frankfurt!     \ud83d\udccd Gruenspan Gro\u00dfe Freiheit 58, 22767 Hamburg    \ud83d\udcc5 Sonntag - 15.03.2020   \ud83c\udf89 Einlass: 19:00 Uhr   \u2139\ufe0f +49 152 525 90 980   \ud83d\udcb0 Ab 43,26\/- Euro   \ud83c\udfab www.Tizo.info    * \u0628\u0631\u0646\u0627\u0645\u0647 \u06af\u0630\u0627\u0631 \u062f\u0631 \u0627\u0646\u062a\u062e\u0627\u0628 \u0645\u0647\u0645\u0627\u0646 \u0622\u0632\u0627\u062f \u0627\u0633\u062a. * \u0628\u0644\u06cc\u0637 \u0641\u0631\u0648\u062e\u062a\u0647 \u0634\u062f\u0647 \u067e\u0633 \u06af\u0631\u0641\u062a\u0647 \u0646\u0645\u06cc\u0634\u0648\u062f. - \u0645\u06a9\u0627\u0646 \u0645\u0648\u0631\u062f \u0646\u0638\u0631 \u062e\u0648\u062f \u0631\u0627 \u0627\u0646\u062a\u062e\u0627\u0628 \u06a9\u0646\u06cc\u062f.","og_url":"https:\/\/tizo.info\/en\/product\/yas-live-in-hamburg\/","og_site_name":"Tizo Ticketing","article_modified_time":"2025-04-11T13:05:29+00:00","og_image":[{"width":2160,"height":1080,"url":"https:\/\/tizo.info\/wp-content\/uploads\/2020\/01\/Yas_Hamburg_15.03.2020.jpg","type":"image\/jpeg"}],"twitter_card":"summary_large_image","schema":{"@context":"https:\/\/schema.org","@graph":[{"@type":"WebPage","@id":"https:\/\/tizo.info\/product\/yas-live-in-hamburg\/","url":"https:\/\/tizo.info\/product\/yas-live-in-hamburg\/","name":"Yas live in Hamburg! - Tizo Ticketing","isPartOf":{"@id":"https:\/\/tizo.info\/#website"},"primaryImageOfPage":{"@id":"https:\/\/tizo.info\/product\/yas-live-in-hamburg\/#primaryimage"},"image":{"@id":"https:\/\/tizo.info\/product\/yas-live-in-hamburg\/#primaryimage"},"thumbnailUrl":"https:\/\/tizo.info\/wp-content\/uploads\/2020\/01\/Yas_Hamburg_15.03.2020.jpg","datePublished":"2019-11-20T16:41:52+00:00","dateModified":"2025-04-11T13:05:29+00:00","breadcrumb":{"@id":"https:\/\/tizo.info\/product\/yas-live-in-hamburg\/#breadcrumb"},"inLanguage":"en-US","potentialAction":[{"@type":"ReadAction","target":["https:\/\/tizo.info\/product\/yas-live-in-hamburg\/"]}]},{"@type":"ImageObject","inLanguage":"en-US","@id":"https:\/\/tizo.info\/product\/yas-live-in-hamburg\/#primaryimage","url":"https:\/\/tizo.info\/wp-content\/uploads\/2020\/01\/Yas_Hamburg_15.03.2020.jpg","contentUrl":"https:\/\/tizo.info\/wp-content\/uploads\/2020\/01\/Yas_Hamburg_15.03.2020.jpg","width":2160,"height":1080,"caption":"Yas_Hamburg_15.03.2020, Tizo Ticketing, Online Ticket, Persian Event Germany, Persian Event Frankfurt, Persian Event Berlin, Persian Event Hamburg, Persian Event D\u00fcsseldorf, Persian Event K\u00f6ln, Persian Party Germany, Persian Party Frankfurt, Persian Party Berlin, Persian Party Hamburg, Persian Party D\u00fcsseldorf, Persian Party K\u00f6ln, Persian Concert Germany, Persian Concert Frankfurt, Persian Concert Berlin, Persian Concert Hamburg, Persian Concert D\u00fcsseldorf, Persian Concert K\u00f6ln, Persisches Konzert Germany, Persisches Konzert Frankfurt, Persisches Konzert Berlin, Persisches Konzert Hamburg, Persisches Konzert D\u00fcsseldorf, Persisches Konzert K\u00f6ln"},{"@type":"BreadcrumbList","@id":"https:\/\/tizo.info\/product\/yas-live-in-hamburg\/#breadcrumb","itemListElement":[{"@type":"ListItem","position":1,"name":"Startseite","item":"https:\/\/tizo.info\/"},{"@type":"ListItem","position":2,"name":"Events","item":"https:\/\/tizo.info\/"},{"@type":"ListItem","position":3,"name":"Yas live in Hamburg!"}]},{"@type":"WebSite","@id":"https:\/\/tizo.info\/#website","url":"https:\/\/tizo.info\/","name":"Tizo Ticketing","description":"Persian Event Ticket","publisher":{"@id":"https:\/\/tizo.info\/#organization"},"potentialAction":[{"@type":"SearchAction","target":{"@type":"EntryPoint","urlTemplate":"https:\/\/tizo.info\/?s={search_term_string}"},"query-input":{"@type":"PropertyValueSpecification","valueRequired":true,"valueName":"search_term_string"}}],"inLanguage":"en-US"},{"@type":"Organization","@id":"https:\/\/tizo.info\/#organization","name":"Tizo Ticketing","url":"https:\/\/tizo.info\/","logo":{"@type":"ImageObject","inLanguage":"en-US","@id":"https:\/\/tizo.info\/#\/schema\/logo\/image\/","url":"https:\/\/tizo.info\/wp-content\/uploads\/2019\/09\/Tizo-Logo.svg","contentUrl":"https:\/\/tizo.info\/wp-content\/uploads\/2019\/09\/Tizo-Logo.svg","width":764,"height":456,"caption":"Tizo Ticketing"},"image":{"@id":"https:\/\/tizo.info\/#\/schema\/logo\/image\/"}}]}},"post_mailing_queue_ids":[],"_links":{"self":[{"href":"https:\/\/tizo.info\/en\/wp-json\/wp\/v2\/product\/4868","targetHints":{"allow":["GET"]}}],"collection":[{"href":"https:\/\/tizo.info\/en\/wp-json\/wp\/v2\/product"}],"about":[{"href":"https:\/\/tizo.info\/en\/wp-json\/wp\/v2\/types\/product"}],"replies":[{"embeddable":true,"href":"https:\/\/tizo.info\/en\/wp-json\/wp\/v2\/comments?post=4868"}],"version-history":[{"count":1,"href":"https:\/\/tizo.info\/en\/wp-json\/wp\/v2\/product\/4868\/revisions"}],"predecessor-version":[{"id":13425,"href":"https:\/\/tizo.info\/en\/wp-json\/wp\/v2\/product\/4868\/revisions\/13425"}],"wp:featuredmedia":[{"embeddable":true,"href":"https:\/\/tizo.info\/en\/wp-json\/wp\/v2\/media\/4869"}],"wp:attachment":[{"href":"https:\/\/tizo.info\/en\/wp-json\/wp\/v2\/media?parent=4868"}],"wp:term":[{"taxonomy":"product_brand","embeddable":true,"href":"https:\/\/tizo.info\/en\/wp-json\/wp\/v2\/product_brand?post=4868"},{"taxonomy":"product_cat","embeddable":true,"href":"https:\/\/tizo.info\/en\/wp-json\/wp\/v2\/product_cat?post=4868"},{"taxonomy":"product_tag","embeddable":true,"href":"https:\/\/tizo.info\/en\/wp-json\/wp\/v2\/product_tag?post=4868"}],"curies":[{"name":"wp","href":"https:\/\/api.w.org\/{rel}","templated":true}]}}