{"id":211,"date":"2019-07-10T18:33:48","date_gmt":"2019-07-10T16:33:48","guid":{"rendered":"http:\/\/tizo.info\/?post_type=product&#038;p=211"},"modified":"2025-04-11T15:05:52","modified_gmt":"2025-04-11T13:05:52","slug":"the-biggest-iranian-open-air-concert-in-frankfurt-niddapark-03-08-2019","status":"publish","type":"product","link":"https:\/\/tizo.info\/en\/product\/the-biggest-iranian-open-air-concert-in-frankfurt-niddapark-03-08-2019\/","title":{"rendered":"The Biggest Iranian Open Air Concert in Frankfurt"},"content":{"rendered":"","protected":false},"excerpt":{"rendered":"<p style=\"text-align: left;\"><strong>Saturday<\/strong><br \/>\n<strong>03.08.2019<\/strong><br \/>\n<strong>The Biggest Iranian Open Air Concert in Frankfurt (NIDDAPARK)<\/strong><\/p>\n<p>\u2022 Adrenaline Band<br \/>\n\u2022 Payeem &amp; JOEL HAHN<br \/>\n\u2022 Dj Bango, Dj Kassra &amp; Dj Mahbod<\/p>\n<p>&nbsp;<\/p>\n<p style=\"text-align: left;\">Infos: +49 1732955273<br \/>\nWeb: <a href=\"http:\/\/www.shabawaz.com\/\">www.shabawaz.com<\/a><br \/>\nInsta: @shabawaz.event<\/p>\n<p>\u26f3\ufe0f Am Ginnheimer W\u00e4ldchen 3, 60431 Frankfurt<br \/>\n\ud83c\udf1e Samstag &#8211; 03.08.2019<br \/>\n\ud83e\udde8 Einlass: 18 Uhr<br \/>\n\u2049\ufe0f +49 173 2955273<br \/>\n\ud83d\udcb0 Ab 15\/- Euro<\/p>\n<p class=\"persainf\" style=\"text-align: right;\">* \u0628\u0631\u0646\u0627\u0645\u0647 \u06af\u0630\u0627\u0631 \u062f\u0631 \u0627\u0646\u062a\u062e\u0627\u0628 \u0645\u0647\u0645\u0627\u0646 \u0622\u0632\u0627\u062f \u0627\u0633\u062a.<br \/>\n* \u0628\u0644\u06cc\u0637 \u0641\u0631\u0648\u062e\u062a\u0647 \u0634\u062f\u0647 \u067e\u0633 \u06af\u0631\u0641\u062a\u0647 \u0646\u0645\u06cc\u0634\u0648\u062f.<\/p>\n<p class=\"persainf\" style=\"text-align: right;\"><strong>&#8211; \u0645\u06a9\u0627\u0646 \u0645\u0648\u0631\u062f \u0646\u0638\u0631 \u062e\u0648\u062f \u0631\u0627 \u0627\u0646\u062a\u062e\u0627\u0628 \u06a9\u0646\u06cc\u062f.<\/strong><\/p>\n<p><img fetchpriority=\"high\" decoding=\"async\" class=\"aligncenter\" src=\"https:\/\/tizo.info\/wp-content\/uploads\/2019\/07\/Arrow-tizo.info_.gif\" alt=\"Tizo.info - Persian Events\" width=\"500\" height=\"252\" \/><\/p>","protected":false},"featured_media":517,"comment_status":"closed","ping_status":"closed","template":"","meta":{"inline_featured_image":false},"product_brand":[],"product_cat":[43,42],"product_tag":[47,48,49,50,51,52,56,53,54,55,57,58,74,75],"class_list":{"0":"post-211","1":"product","2":"type-product","3":"status-publish","4":"has-post-thumbnail","6":"product_cat-frankfurt","7":"product_cat-germany","8":"product_tag-adrenaline-band","9":"product_tag-dj-bango","10":"product_tag-dj-kassra","11":"product_tag-dj-mahbod","12":"product_tag-frankfurt","13":"product_tag-germany","14":"product_tag-joel-hahn","15":"product_tag-live-music","16":"product_tag-open-air","17":"product_tag-payeem","18":"product_tag-persian-event","19":"product_tag-persian-music","20":"product_tag-shabawaz","21":"product_tag-tizo","23":"first","24":"outofstock","25":"shipping-taxable","26":"product-type-variable"},"yoast_head":"<!-- This site is optimized with the Yoast SEO plugin v27.5 - https:\/\/yoast.com\/product\/yoast-seo-wordpress\/ -->\n<title>The Biggest Iranian Open Air Concert in Frankfurt - Tizo Ticketing<\/title>\n<meta name=\"robots\" content=\"index, follow, max-snippet:-1, max-image-preview:large, max-video-preview:-1\" \/>\n<link rel=\"canonical\" href=\"https:\/\/tizo.info\/en\/product\/the-biggest-iranian-open-air-concert-in-frankfurt-niddapark-03-08-2019\/\" \/>\n<meta property=\"og:locale\" content=\"en_US\" \/>\n<meta property=\"og:type\" content=\"article\" \/>\n<meta property=\"og:title\" content=\"The Biggest Iranian Open Air Concert in Frankfurt - Tizo Ticketing\" \/>\n<meta property=\"og:description\" content=\"Samstag 03.08.2019 The Biggest Iranian Open Air Concert in Frankfurt (NIDDAPARK) \u2022 Adrenaline Band \u2022 Payeem &amp; JOEL HAHN \u2022 Dj Bango, Dj Kassra &amp; Dj Mahbod  &nbsp; Infos: +49 1732955273 Web: www.shabawaz.com Insta: @shabawaz.event \u26f3\ufe0f Am Ginnheimer W\u00e4ldchen 3, 60431 Frankfurt \ud83c\udf1e Samstag - 03.08.2019 \ud83e\udde8 Einlass: 18 Uhr \u2049\ufe0f +49 173 2955273 \ud83d\udcb0 Ab 15\/- Euro * \u0628\u0631\u0646\u0627\u0645\u0647 \u06af\u0630\u0627\u0631 \u062f\u0631 \u0627\u0646\u062a\u062e\u0627\u0628 \u0645\u0647\u0645\u0627\u0646 \u0622\u0632\u0627\u062f \u0627\u0633\u062a. * \u0628\u0644\u06cc\u0637 \u0641\u0631\u0648\u062e\u062a\u0647 \u0634\u062f\u0647 \u067e\u0633 \u06af\u0631\u0641\u062a\u0647 \u0646\u0645\u06cc\u0634\u0648\u062f. - \u0645\u06a9\u0627\u0646 \u0645\u0648\u0631\u062f \u0646\u0638\u0631 \u062e\u0648\u062f \u0631\u0627 \u0627\u0646\u062a\u062e\u0627\u0628 \u06a9\u0646\u06cc\u062f.\" \/>\n<meta property=\"og:url\" content=\"https:\/\/tizo.info\/en\/product\/the-biggest-iranian-open-air-concert-in-frankfurt-niddapark-03-08-2019\/\" \/>\n<meta property=\"og:site_name\" content=\"Tizo Ticketing\" \/>\n<meta property=\"article:modified_time\" content=\"2025-04-11T13:05:52+00:00\" \/>\n<meta property=\"og:image\" content=\"https:\/\/tizo.info\/wp-content\/uploads\/2019\/07\/The-Biggest-Iranian-OpenAir-Concert-in-Frankfurt-03.08.2019.jpg\" \/>\n\t<meta property=\"og:image:width\" content=\"1000\" \/>\n\t<meta property=\"og:image:height\" content=\"1411\" \/>\n\t<meta property=\"og:image:type\" content=\"image\/jpeg\" \/>\n<meta name=\"twitter:card\" content=\"summary_large_image\" \/>\n<script type=\"application\/ld+json\" class=\"yoast-schema-graph\">{\"@context\":\"https:\\\/\\\/schema.org\",\"@graph\":[{\"@type\":\"WebPage\",\"@id\":\"https:\\\/\\\/tizo.info\\\/product\\\/the-biggest-iranian-open-air-concert-in-frankfurt-niddapark-03-08-2019\\\/\",\"url\":\"https:\\\/\\\/tizo.info\\\/product\\\/the-biggest-iranian-open-air-concert-in-frankfurt-niddapark-03-08-2019\\\/\",\"name\":\"The Biggest Iranian Open Air Concert in Frankfurt - Tizo Ticketing\",\"isPartOf\":{\"@id\":\"https:\\\/\\\/tizo.info\\\/#website\"},\"primaryImageOfPage\":{\"@id\":\"https:\\\/\\\/tizo.info\\\/product\\\/the-biggest-iranian-open-air-concert-in-frankfurt-niddapark-03-08-2019\\\/#primaryimage\"},\"image\":{\"@id\":\"https:\\\/\\\/tizo.info\\\/product\\\/the-biggest-iranian-open-air-concert-in-frankfurt-niddapark-03-08-2019\\\/#primaryimage\"},\"thumbnailUrl\":\"https:\\\/\\\/tizo.info\\\/wp-content\\\/uploads\\\/2019\\\/07\\\/The-Biggest-Iranian-OpenAir-Concert-in-Frankfurt-03.08.2019.jpg\",\"datePublished\":\"2019-07-10T16:33:48+00:00\",\"dateModified\":\"2025-04-11T13:05:52+00:00\",\"breadcrumb\":{\"@id\":\"https:\\\/\\\/tizo.info\\\/product\\\/the-biggest-iranian-open-air-concert-in-frankfurt-niddapark-03-08-2019\\\/#breadcrumb\"},\"inLanguage\":\"en-US\",\"potentialAction\":[{\"@type\":\"ReadAction\",\"target\":[\"https:\\\/\\\/tizo.info\\\/product\\\/the-biggest-iranian-open-air-concert-in-frankfurt-niddapark-03-08-2019\\\/\"]}]},{\"@type\":\"ImageObject\",\"inLanguage\":\"en-US\",\"@id\":\"https:\\\/\\\/tizo.info\\\/product\\\/the-biggest-iranian-open-air-concert-in-frankfurt-niddapark-03-08-2019\\\/#primaryimage\",\"url\":\"https:\\\/\\\/tizo.info\\\/wp-content\\\/uploads\\\/2019\\\/07\\\/The-Biggest-Iranian-OpenAir-Concert-in-Frankfurt-03.08.2019.jpg\",\"contentUrl\":\"https:\\\/\\\/tizo.info\\\/wp-content\\\/uploads\\\/2019\\\/07\\\/The-Biggest-Iranian-OpenAir-Concert-in-Frankfurt-03.08.2019.jpg\",\"width\":1000,\"height\":1411,\"caption\":\"The-Biggest-Iranian-OpenAir-Concert-in-Frankfurt-03.08.2019, Tizo Ticketing, Online Ticket, Persian Event Germany, Persian Event Frankfurt, Persian Event Berlin, Persian Event Hamburg, Persian Event D\u00fcsseldorf, Persian Event K\u00f6ln, Persian Party Germany, Persian Party Frankfurt, Persian Party Berlin, Persian Party Hamburg, Persian Party D\u00fcsseldorf, Persian Party K\u00f6ln, Persian Concert Germany, Persian Concert Frankfurt, Persian Concert Berlin, Persian Concert Hamburg, Persian Concert D\u00fcsseldorf, Persian Concert K\u00f6ln, Persisches Konzert Germany, Persisches Konzert Frankfurt, Persisches Konzert Berlin, Persisches Konzert Hamburg, Persisches Konzert D\u00fcsseldorf, Persisches Konzert K\u00f6ln\"},{\"@type\":\"BreadcrumbList\",\"@id\":\"https:\\\/\\\/tizo.info\\\/product\\\/the-biggest-iranian-open-air-concert-in-frankfurt-niddapark-03-08-2019\\\/#breadcrumb\",\"itemListElement\":[{\"@type\":\"ListItem\",\"position\":1,\"name\":\"Startseite\",\"item\":\"https:\\\/\\\/tizo.info\\\/\"},{\"@type\":\"ListItem\",\"position\":2,\"name\":\"Events\",\"item\":\"https:\\\/\\\/tizo.info\\\/\"},{\"@type\":\"ListItem\",\"position\":3,\"name\":\"The Biggest Iranian Open Air Concert in Frankfurt\"}]},{\"@type\":\"WebSite\",\"@id\":\"https:\\\/\\\/tizo.info\\\/#website\",\"url\":\"https:\\\/\\\/tizo.info\\\/\",\"name\":\"Tizo Ticketing\",\"description\":\"Persian Event Ticket\",\"publisher\":{\"@id\":\"https:\\\/\\\/tizo.info\\\/#organization\"},\"potentialAction\":[{\"@type\":\"SearchAction\",\"target\":{\"@type\":\"EntryPoint\",\"urlTemplate\":\"https:\\\/\\\/tizo.info\\\/?s={search_term_string}\"},\"query-input\":{\"@type\":\"PropertyValueSpecification\",\"valueRequired\":true,\"valueName\":\"search_term_string\"}}],\"inLanguage\":\"en-US\"},{\"@type\":\"Organization\",\"@id\":\"https:\\\/\\\/tizo.info\\\/#organization\",\"name\":\"Tizo Ticketing\",\"url\":\"https:\\\/\\\/tizo.info\\\/\",\"logo\":{\"@type\":\"ImageObject\",\"inLanguage\":\"en-US\",\"@id\":\"https:\\\/\\\/tizo.info\\\/#\\\/schema\\\/logo\\\/image\\\/\",\"url\":\"https:\\\/\\\/tizo.info\\\/wp-content\\\/uploads\\\/2019\\\/09\\\/Tizo-Logo.svg\",\"contentUrl\":\"https:\\\/\\\/tizo.info\\\/wp-content\\\/uploads\\\/2019\\\/09\\\/Tizo-Logo.svg\",\"width\":764,\"height\":456,\"caption\":\"Tizo Ticketing\"},\"image\":{\"@id\":\"https:\\\/\\\/tizo.info\\\/#\\\/schema\\\/logo\\\/image\\\/\"}}]}<\/script>\n<!-- \/ Yoast SEO plugin. -->","yoast_head_json":{"title":"The Biggest Iranian Open Air Concert in Frankfurt - Tizo Ticketing","robots":{"index":"index","follow":"follow","max-snippet":"max-snippet:-1","max-image-preview":"max-image-preview:large","max-video-preview":"max-video-preview:-1"},"canonical":"https:\/\/tizo.info\/en\/product\/the-biggest-iranian-open-air-concert-in-frankfurt-niddapark-03-08-2019\/","og_locale":"en_US","og_type":"article","og_title":"The Biggest Iranian Open Air Concert in Frankfurt - Tizo Ticketing","og_description":"Samstag 03.08.2019 The Biggest Iranian Open Air Concert in Frankfurt (NIDDAPARK) \u2022 Adrenaline Band \u2022 Payeem &amp; JOEL HAHN \u2022 Dj Bango, Dj Kassra &amp; Dj Mahbod  &nbsp; Infos: +49 1732955273 Web: www.shabawaz.com Insta: @shabawaz.event \u26f3\ufe0f Am Ginnheimer W\u00e4ldchen 3, 60431 Frankfurt \ud83c\udf1e Samstag - 03.08.2019 \ud83e\udde8 Einlass: 18 Uhr \u2049\ufe0f +49 173 2955273 \ud83d\udcb0 Ab 15\/- Euro * \u0628\u0631\u0646\u0627\u0645\u0647 \u06af\u0630\u0627\u0631 \u062f\u0631 \u0627\u0646\u062a\u062e\u0627\u0628 \u0645\u0647\u0645\u0627\u0646 \u0622\u0632\u0627\u062f \u0627\u0633\u062a. * \u0628\u0644\u06cc\u0637 \u0641\u0631\u0648\u062e\u062a\u0647 \u0634\u062f\u0647 \u067e\u0633 \u06af\u0631\u0641\u062a\u0647 \u0646\u0645\u06cc\u0634\u0648\u062f. - \u0645\u06a9\u0627\u0646 \u0645\u0648\u0631\u062f \u0646\u0638\u0631 \u062e\u0648\u062f \u0631\u0627 \u0627\u0646\u062a\u062e\u0627\u0628 \u06a9\u0646\u06cc\u062f.","og_url":"https:\/\/tizo.info\/en\/product\/the-biggest-iranian-open-air-concert-in-frankfurt-niddapark-03-08-2019\/","og_site_name":"Tizo Ticketing","article_modified_time":"2025-04-11T13:05:52+00:00","og_image":[{"width":1000,"height":1411,"url":"https:\/\/tizo.info\/wp-content\/uploads\/2019\/07\/The-Biggest-Iranian-OpenAir-Concert-in-Frankfurt-03.08.2019.jpg","type":"image\/jpeg"}],"twitter_card":"summary_large_image","schema":{"@context":"https:\/\/schema.org","@graph":[{"@type":"WebPage","@id":"https:\/\/tizo.info\/product\/the-biggest-iranian-open-air-concert-in-frankfurt-niddapark-03-08-2019\/","url":"https:\/\/tizo.info\/product\/the-biggest-iranian-open-air-concert-in-frankfurt-niddapark-03-08-2019\/","name":"The Biggest Iranian Open Air Concert in Frankfurt - Tizo Ticketing","isPartOf":{"@id":"https:\/\/tizo.info\/#website"},"primaryImageOfPage":{"@id":"https:\/\/tizo.info\/product\/the-biggest-iranian-open-air-concert-in-frankfurt-niddapark-03-08-2019\/#primaryimage"},"image":{"@id":"https:\/\/tizo.info\/product\/the-biggest-iranian-open-air-concert-in-frankfurt-niddapark-03-08-2019\/#primaryimage"},"thumbnailUrl":"https:\/\/tizo.info\/wp-content\/uploads\/2019\/07\/The-Biggest-Iranian-OpenAir-Concert-in-Frankfurt-03.08.2019.jpg","datePublished":"2019-07-10T16:33:48+00:00","dateModified":"2025-04-11T13:05:52+00:00","breadcrumb":{"@id":"https:\/\/tizo.info\/product\/the-biggest-iranian-open-air-concert-in-frankfurt-niddapark-03-08-2019\/#breadcrumb"},"inLanguage":"en-US","potentialAction":[{"@type":"ReadAction","target":["https:\/\/tizo.info\/product\/the-biggest-iranian-open-air-concert-in-frankfurt-niddapark-03-08-2019\/"]}]},{"@type":"ImageObject","inLanguage":"en-US","@id":"https:\/\/tizo.info\/product\/the-biggest-iranian-open-air-concert-in-frankfurt-niddapark-03-08-2019\/#primaryimage","url":"https:\/\/tizo.info\/wp-content\/uploads\/2019\/07\/The-Biggest-Iranian-OpenAir-Concert-in-Frankfurt-03.08.2019.jpg","contentUrl":"https:\/\/tizo.info\/wp-content\/uploads\/2019\/07\/The-Biggest-Iranian-OpenAir-Concert-in-Frankfurt-03.08.2019.jpg","width":1000,"height":1411,"caption":"The-Biggest-Iranian-OpenAir-Concert-in-Frankfurt-03.08.2019, Tizo Ticketing, Online Ticket, Persian Event Germany, Persian Event Frankfurt, Persian Event Berlin, Persian Event Hamburg, Persian Event D\u00fcsseldorf, Persian Event K\u00f6ln, Persian Party Germany, Persian Party Frankfurt, Persian Party Berlin, Persian Party Hamburg, Persian Party D\u00fcsseldorf, Persian Party K\u00f6ln, Persian Concert Germany, Persian Concert Frankfurt, Persian Concert Berlin, Persian Concert Hamburg, Persian Concert D\u00fcsseldorf, Persian Concert K\u00f6ln, Persisches Konzert Germany, Persisches Konzert Frankfurt, Persisches Konzert Berlin, Persisches Konzert Hamburg, Persisches Konzert D\u00fcsseldorf, Persisches Konzert K\u00f6ln"},{"@type":"BreadcrumbList","@id":"https:\/\/tizo.info\/product\/the-biggest-iranian-open-air-concert-in-frankfurt-niddapark-03-08-2019\/#breadcrumb","itemListElement":[{"@type":"ListItem","position":1,"name":"Startseite","item":"https:\/\/tizo.info\/"},{"@type":"ListItem","position":2,"name":"Events","item":"https:\/\/tizo.info\/"},{"@type":"ListItem","position":3,"name":"The Biggest Iranian Open Air Concert in Frankfurt"}]},{"@type":"WebSite","@id":"https:\/\/tizo.info\/#website","url":"https:\/\/tizo.info\/","name":"Tizo Ticketing","description":"Persian Event Ticket","publisher":{"@id":"https:\/\/tizo.info\/#organization"},"potentialAction":[{"@type":"SearchAction","target":{"@type":"EntryPoint","urlTemplate":"https:\/\/tizo.info\/?s={search_term_string}"},"query-input":{"@type":"PropertyValueSpecification","valueRequired":true,"valueName":"search_term_string"}}],"inLanguage":"en-US"},{"@type":"Organization","@id":"https:\/\/tizo.info\/#organization","name":"Tizo Ticketing","url":"https:\/\/tizo.info\/","logo":{"@type":"ImageObject","inLanguage":"en-US","@id":"https:\/\/tizo.info\/#\/schema\/logo\/image\/","url":"https:\/\/tizo.info\/wp-content\/uploads\/2019\/09\/Tizo-Logo.svg","contentUrl":"https:\/\/tizo.info\/wp-content\/uploads\/2019\/09\/Tizo-Logo.svg","width":764,"height":456,"caption":"Tizo Ticketing"},"image":{"@id":"https:\/\/tizo.info\/#\/schema\/logo\/image\/"}}]}},"post_mailing_queue_ids":[],"_links":{"self":[{"href":"https:\/\/tizo.info\/en\/wp-json\/wp\/v2\/product\/211","targetHints":{"allow":["GET"]}}],"collection":[{"href":"https:\/\/tizo.info\/en\/wp-json\/wp\/v2\/product"}],"about":[{"href":"https:\/\/tizo.info\/en\/wp-json\/wp\/v2\/types\/product"}],"replies":[{"embeddable":true,"href":"https:\/\/tizo.info\/en\/wp-json\/wp\/v2\/comments?post=211"}],"version-history":[{"count":2,"href":"https:\/\/tizo.info\/en\/wp-json\/wp\/v2\/product\/211\/revisions"}],"predecessor-version":[{"id":13450,"href":"https:\/\/tizo.info\/en\/wp-json\/wp\/v2\/product\/211\/revisions\/13450"}],"wp:featuredmedia":[{"embeddable":true,"href":"https:\/\/tizo.info\/en\/wp-json\/wp\/v2\/media\/517"}],"wp:attachment":[{"href":"https:\/\/tizo.info\/en\/wp-json\/wp\/v2\/media?parent=211"}],"wp:term":[{"taxonomy":"product_brand","embeddable":true,"href":"https:\/\/tizo.info\/en\/wp-json\/wp\/v2\/product_brand?post=211"},{"taxonomy":"product_cat","embeddable":true,"href":"https:\/\/tizo.info\/en\/wp-json\/wp\/v2\/product_cat?post=211"},{"taxonomy":"product_tag","embeddable":true,"href":"https:\/\/tizo.info\/en\/wp-json\/wp\/v2\/product_tag?post=211"}],"curies":[{"name":"wp","href":"https:\/\/api.w.org\/{rel}","templated":true}]}}