{"id":16944,"date":"2025-12-05T06:16:03","date_gmt":"2025-12-05T05:16:03","guid":{"rendered":"https:\/\/tizo.info\/?post_type=product&#038;p=16944"},"modified":"2026-01-19T17:09:24","modified_gmt":"2026-01-19T16:09:24","slug":"25band-live-concert-frankfurt-persian-valentines-day-14-feb-2026","status":"publish","type":"product","link":"https:\/\/tizo.info\/en\/product\/25band-live-concert-frankfurt-persian-valentines-day-14-feb-2026\/","title":{"rendered":"25 Band Live in Frankfurt!"},"content":{"rendered":"","protected":false},"excerpt":{"rendered":"<p><span class=\"tizo-early-bird\" data-label=\"Valentine's Day\"><\/span><\/p>\n<p style=\"text-align: left;\"><strong>Samstag<\/strong><br \/>\n<strong>14.02.2026<\/strong><br \/>\n<strong>25 band Live in Frankfurt!<\/strong><\/p>\n<table style=\"width: 100%;\">\n<tbody>\n<tr>\n<td style=\"width: 25px; text-align: center; vertical-align: top;\">\ud83d\udccd<\/td>\n<td><strong>Saray Turkuaz<\/strong><\/p>\n<p style=\"margin-top: -20px; margin-bottom: -2px; font-size: 15px;\">Ernst-Wiss-Stra\u00dfe 20, 65933 Frankfurt am Main<\/p>\n<\/td>\n<\/tr>\n<tr>\n<td style=\"width: 25px; text-align: center;\">\ud83d\uddd3\ufe0f<\/td>\n<td>Samstag &#8211; 14.02.2026<\/td>\n<\/tr>\n<tr>\n<td style=\"width: 25px; text-align: center;\">\ud83c\udf89<\/td>\n<td>Einlass: 19:00 Uhr<\/td>\n<\/tr>\n<tr>\n<td style=\"width: 25px; text-align: center;\">\ud83d\udcb0<\/td>\n<td>ab 59\/- Euro<\/td>\n<\/tr>\n<tr>\n<td style=\"width: 25px; text-align: center;\">\ud83c\udfab<\/td>\n<td><a href=\"https:\/\/tizo.info\/\">www.Tizo.info<\/a><\/td>\n<\/tr>\n<\/tbody>\n<\/table>\n<p class=\"persainf\" style=\"text-align: right;\"><strong>\ud83d\udc97\u2728 \u0628\u0632\u0631\u06af\u200c\u062a\u0631\u06cc\u0646 \u0648\u0644\u0646\u062a\u0627\u06cc\u0646 \u067e\u0627\u0631\u062a\u06cc \u0627\u06cc\u0631\u0627\u0646\u06cc \u062f\u0631 \u0641\u0631\u0627\u0646\u06a9\u0641\u0648\u0631\u062a<\/strong><\/p>\n<p class=\"persainf\" style=\"text-align: right;\">\ud83d\uddd3\ufe0f \u062a\u0627\u0631\u06cc\u062e: \u0634\u0646\u0628\u0647\u060c 14 \u0641\u0648\u0631\u06cc\u0647 2026<br \/>\n\ud83d\udd57 \u0633\u0627\u0639\u062a \u0648\u0631\u0648\u062f: 19:00<\/p>\n<p class=\"persainf\" style=\"text-align: right;\">\ud83c\udf89 \u0647\u0645\u0631\u0627\u0647 \u0628\u0627 \u0628\u0631\u0646\u0627\u0645\u0647\u200c\u0627\u06cc \u0628\u06cc\u200c\u0646\u0638\u06cc\u0631 \u0648 \u0641\u0631\u0627\u0645\u0648\u0634\u200c\u0646\u0634\u062f\u0646\u06cc \u062f\u0631 \u062a\u0627\u0644\u0627\u0631\u06cc \u0645\u062c\u0644\u0644 \u0628\u0627 \u0638\u0631\u0641\u06cc\u062a 1000 \u0646\u0641\u0631!<\/p>\n<p class=\"persainf\" style=\"text-align: right;\"><strong>\u2728 \u0647\u0646\u0631\u0645\u0646\u062f\u0627\u0646 \u0648\u06cc\u0698\u0647:<\/strong><br \/>\n\ud83c\udfa4 25 Band<br \/>\n\ud83c\udf9b\ufe0f DJ Amir Ghavami (\u0627\u0632 \u0647\u0644\u0646\u062f)<\/p>\n<p class=\"persainf\" style=\"text-align: right;\"><strong>\ud83d\udccd \u0645\u062d\u0644 \u0628\u0631\u06af\u0632\u0627\u0631\u06cc:<br \/>\n<\/strong>\ud83c\udff5\ufe0f Saray Turkuaz \ud83c\udff5\ufe0f<br \/>\nErnst-Wiss-Stra\u00dfe 20, 65933 Frankfurt am Main<\/p>\n<p class=\"persainf\" style=\"text-align: right;\"><strong>\ud83c\udf9f \u0642\u06cc\u0645\u062a \u0628\u0644\u06cc\u062a:<\/strong><br \/>\n\ud83c\udfab \u0628\u0644\u06cc\u062a \u0627\u0633\u062a\u0627\u0646\u062f\u0627\u0631\u062f \u0631\u062f\u06cc\u0641 11 \u0648 12: 59 \u06cc\u0648\u0631\u0648.<br \/>\n\ud83c\udfab\u00a0 \u0628\u0644\u06cc\u062a (Silver) \u00a0\u0631\u062f\u06cc\u0641 7 \u062a\u0627 10: 65 \u06cc\u0648\u0631\u0648.<br \/>\n\ud83c\udfab\u00a0 \u0628\u0644\u06cc\u062a (Gold)\u00a0\u0631\u062f\u06cc\u0641 3 \u062a\u0627 6: 79 \u06cc\u0648\u0631\u0648.<br \/>\n\ud83d\udc8e\u00a0 \u0628\u0644\u06cc\u062a (VIP)\u00a0\u0631\u062f\u06cc\u0641 1 \u0648 2: 99 \u06cc\u0648\u0631\u0648.<\/p>\n<p class=\"persainf\" style=\"text-align: right;\">\ud83d\udc76 \u06a9\u0648\u062f\u06a9\u0627\u0646 \u0632\u06cc\u0631 \u06f5 \u0633\u0627\u0644: \u0631\u0627\u06cc\u06af\u0627\u0646<br \/>\n\ud83e\uddd2 \u06a9\u0648\u062f\u06a9\u0627\u0646 \u06f5 \u062a\u0627 \u06f1\u06f2 \u0633\u0627\u0644: 30 \u06cc\u0648\u0631\u0648<br \/>\n<span style=\"font-size:14px\">\u0628\u0644\u06cc\u062a \u0646\u06cc\u0645\u200c \u0628\u0647\u0627\u06cc \u06a9\u0648\u062f\u06a9\u0627\u0646 \u0634\u0627\u0645\u0644 \u0628\u062e\u0634 VIP \u0646\u0645\u06cc\u200c\u0634\u0648\u062f \u0648 \u0641\u0642\u0637 \u0628\u0631\u0627\u06cc \u0635\u0646\u062f\u0644\u06cc\u200c\u0647\u0627\u06cc \u0631\u062f\u06cc\u0641 \u06f3 \u0628\u0647 \u0628\u0639\u062f \u0645\u0639\u062a\u0628\u0631 \u0627\u0633\u062a.<\/span><\/p>\n<p class=\"persainf\" style=\"text-align: right;\">\ud83d\udcf2 \u0628\u0631\u0627\u06cc \u062e\u0631\u06cc\u062f \u0622\u0646\u0644\u0627\u06cc\u0646 \u0628\u0644\u06cc\u062a \u0648 \u0627\u0637\u0644\u0627\u0639\u0627\u062a \u0628\u06cc\u0634\u062a\u0631 \u0628\u0647 \u0633\u0627\u06cc\u062a \u0645\u0631\u0627\u062c\u0639\u0647 \u06a9\u0646\u06cc\u062f:<br \/>\nWWW.TIZO.INFO<\/p>\n<p class=\"persainf\" style=\"text-align: right;\">\ud83d\udcde \u062a\u0644\u0641\u0646 \u062a\u0645\u0627\u0633:<\/p>\n<p style=\"text-align: right;\"><strong><span style=\"color: #000000;\"><a style=\"color: #000000;\" href=\"tel:+491629687872\">0162 96 8787 2<\/a><\/span><\/strong><\/p>\n<p><img fetchpriority=\"high\" decoding=\"async\" class=\"aligncenter\" src=\"https:\/\/tizo.info\/wp-content\/uploads\/2019\/07\/Arrow-tizo.info_.gif\" alt=\"Tizo.info - Persian Events\" width=\"500\" height=\"252\" \/><\/p>\n<p class=\"persainf\" style=\"text-align: center;\"><strong>\u260e\ufe0f \u062a\u0644\u0641\u0646 \u062a\u0645\u0627\u0633 \u062c\u0647\u062a \u0631\u0632\u0631\u0648:<\/strong><\/p>\n<p style=\"text-align: center;\"><strong><span style=\"color: #000000;\"><a style=\"color: #000000;\" href=\"tel:+491629687872\">0162 96 8787 2<\/a><\/span><\/strong><\/p>\n<p class=\"persainf\" style=\"text-align: center;\">\u062a\u0639\u062f\u0627\u062f \u062a\u06cc\u06a9\u062a \u062e\u0648\u062f \u0631\u0627 \u0648\u0627\u0631\u062f \u0646\u0645\u0627\u06cc\u06cc\u062f<\/p>\n<hr \/>\n<h4 class=\"persainf\" style=\"text-align: center; color: #ff0000;\"><strong>\u0644\u063a\u0648 \u0634\u062f<\/strong><\/h4>\n<p><!--\n\n\n\n<h5>VIP-Ticket<\/h5>\n\n\n\n\n<p class=\"persainf\" style=\"text-align: left; margin-top: -20px;\">Reihen 1 &amp; 2<\/p>\n\n\n[add_to_cart id=\"16960\" show_price=\"true\" quantity=\"true\" style=\"border:none;\"]\n\n\n\n<hr \/>\n\n\n\n\n\n<h5>Gold-Ticket<\/h5>\n\n\n\n\n<p class=\"persainf\" style=\"text-align: left; margin-top: -20px;\">Reihen 3 bis 6<\/p>\n\n\n[add_to_cart id=\"16791\" show_price=\"true\" quantity=\"true\" style=\"border:none;\"]\n\n\n\n<hr \/>\n\n\n\n\n\n<h5>Silver-Ticket<\/h5>\n\n\n\n\n<p class=\"persainf\" style=\"text-align: left; margin-top: -20px;\">Reihen 7 bis 10<\/p>\n\n\n[add_to_cart id=\"16792\" show_price=\"true\" quantity=\"true\" style=\"border:none;\"]\n\n\n\n<hr \/>\n\n\n\n\n\n<h5>Standard-Ticket<\/h5>\n\n\n\n\n<p class=\"persainf\" style=\"text-align: left; margin-top: -20px;\">Reihen 11 bis 12<\/p>\n\n\n[add_to_cart id=\"16793\" show_price=\"true\" quantity=\"true\" style=\"border:none;\"]\n\n\n\n<hr \/>\n\n\n\n\n\n<h5>Kinder-Ticket (5\u201312 Jahre)<\/h5>\n\n\n\n\n<p class=\"persainf\" style=\"text-align: left; margin-top: -20px;\">Nicht g\u00fcltig f\u00fcr VIP-Pl\u00e4tze<\/p>\n\n\n[add_to_cart id=\"16967\" show_price=\"true\" quantity=\"true\" style=\"border:none;\"] --><\/p>\n","protected":false},"featured_media":16994,"comment_status":"closed","ping_status":"closed","template":"","meta":{"inline_featured_image":false},"product_brand":[],"product_cat":[43,42],"product_tag":[336,422,420,337,418,318,51,52,205,53,57,58,198,140,199,142,75,423,226,178,203,192],"class_list":{"0":"post-16944","1":"product","2":"type-product","3":"status-publish","4":"has-post-thumbnail","6":"product_cat-frankfurt","7":"product_cat-germany","8":"product_tag-336","9":"product_tag-25band","10":"product_tag-christmas","11":"product_tag-didar-events","12":"product_tag-dj-amir-ghavami","13":"product_tag-dj-benix","14":"product_tag-frankfurt","15":"product_tag-germany","16":"product_tag-konzert","17":"product_tag-live-music","18":"product_tag-persian-event","19":"product_tag-persian-music","20":"product_tag-persian-party","21":"product_tag-persisch","22":"product_tag-persische-disco","23":"product_tag-persisches-konzert","24":"product_tag-tizo","25":"product_tag-valentines","26":"product_tag-226","27":"product_tag-178","28":"product_tag-203","29":"product_tag-192","30":"aux-has-gallery","32":"first","33":"outofstock","34":"virtual","35":"purchasable","36":"product-type-simple"},"yoast_head":"<!-- This site is optimized with the Yoast SEO plugin v27.5 - https:\/\/yoast.com\/product\/yoast-seo-wordpress\/ -->\n<title>25 Band Live in Frankfurt! - Tizo Ticketing - Iranische Valentinstagsparty<\/title>\n<meta name=\"description\" content=\"\ud83d\udc97 \u0628\u0632\u0631\u06af\u200c\u062a\u0631\u06cc\u0646 \u0648\u0644\u0646\u062a\u0627\u06cc\u0646 \u067e\u0627\u0631\u062a\u06cc \u0627\u06cc\u0631\u0627\u0646\u06cc \u062f\u0631 \u0641\u0631\u0627\u0646\u06a9\u0641\u0648\u0631\u062a \u0628\u0627 \u0627\u062c\u0631\u0627\u06cc \u0632\u0646\u062f\u0647 25 \u0628\u0646\u062f \u0648 \u062f\u06cc\u200c\u062c\u06cc \u0627\u0645\u06cc\u0631 \u0642\u0648\u0627\u0645\u06cc \u2728 \u0634\u0628\u06cc \u0641\u0631\u0627\u0645\u0648\u0634\u200c\u0646\u0634\u062f\u0646\u06cc \u062f\u0631 14 \u0641\u0648\u0631\u06cc\u0647 2026 \ud83c\udf89\ud83c\udfb6\" \/>\n<meta name=\"robots\" content=\"index, follow, max-snippet:-1, max-image-preview:large, max-video-preview:-1\" \/>\n<link rel=\"canonical\" href=\"https:\/\/tizo.info\/en\/product\/25band-live-concert-frankfurt-persian-valentines-day-14-feb-2026\/\" \/>\n<meta property=\"og:locale\" content=\"en_US\" \/>\n<meta property=\"og:type\" content=\"article\" \/>\n<meta property=\"og:title\" content=\"25 Band Live in Frankfurt! - Tizo Ticketing - Iranische Valentinstagsparty\" \/>\n<meta property=\"og:description\" content=\"\ud83d\udc97 \u0628\u0632\u0631\u06af\u200c\u062a\u0631\u06cc\u0646 \u0648\u0644\u0646\u062a\u0627\u06cc\u0646 \u067e\u0627\u0631\u062a\u06cc \u0627\u06cc\u0631\u0627\u0646\u06cc \u062f\u0631 \u0641\u0631\u0627\u0646\u06a9\u0641\u0648\u0631\u062a \u0628\u0627 \u0627\u062c\u0631\u0627\u06cc \u0632\u0646\u062f\u0647 25 \u0628\u0646\u062f \u0648 \u062f\u06cc\u200c\u062c\u06cc \u0627\u0645\u06cc\u0631 \u0642\u0648\u0627\u0645\u06cc \u2728 \u0634\u0628\u06cc \u0641\u0631\u0627\u0645\u0648\u0634\u200c\u0646\u0634\u062f\u0646\u06cc \u062f\u0631 14 \u0641\u0648\u0631\u06cc\u0647 2026 \ud83c\udf89\ud83c\udfb6\" \/>\n<meta property=\"og:url\" content=\"https:\/\/tizo.info\/en\/product\/25band-live-concert-frankfurt-persian-valentines-day-14-feb-2026\/\" \/>\n<meta property=\"og:site_name\" content=\"Tizo Ticketing\" \/>\n<meta property=\"article:modified_time\" content=\"2026-01-19T16:09:24+00:00\" \/>\n<meta property=\"og:image\" content=\"https:\/\/tizo.info\/wp-content\/uploads\/2025\/12\/25band-live-concert-frankfurt-persian-valentines-day-14.feb_.2026-didar-event.webp\" \/>\n\t<meta property=\"og:image:width\" content=\"1748\" \/>\n\t<meta property=\"og:image:height\" content=\"2480\" \/>\n\t<meta property=\"og:image:type\" content=\"image\/webp\" \/>\n<meta name=\"twitter:card\" content=\"summary_large_image\" \/>\n<meta name=\"twitter:label1\" content=\"Est. reading time\" \/>\n\t<meta name=\"twitter:data1\" content=\"1 minute\" \/>\n<script type=\"application\/ld+json\" class=\"yoast-schema-graph\">{\"@context\":\"https:\\\/\\\/schema.org\",\"@graph\":[{\"@type\":\"WebPage\",\"@id\":\"https:\\\/\\\/tizo.info\\\/product\\\/25band-live-concert-frankfurt-persian-valentines-day-14-feb-2026\\\/\",\"url\":\"https:\\\/\\\/tizo.info\\\/product\\\/25band-live-concert-frankfurt-persian-valentines-day-14-feb-2026\\\/\",\"name\":\"25 Band Live in Frankfurt! - Tizo Ticketing - Iranische Valentinstagsparty\",\"isPartOf\":{\"@id\":\"https:\\\/\\\/tizo.info\\\/#website\"},\"primaryImageOfPage\":{\"@id\":\"https:\\\/\\\/tizo.info\\\/product\\\/25band-live-concert-frankfurt-persian-valentines-day-14-feb-2026\\\/#primaryimage\"},\"image\":{\"@id\":\"https:\\\/\\\/tizo.info\\\/product\\\/25band-live-concert-frankfurt-persian-valentines-day-14-feb-2026\\\/#primaryimage\"},\"thumbnailUrl\":\"https:\\\/\\\/tizo.info\\\/wp-content\\\/uploads\\\/2025\\\/12\\\/25band-live-concert-frankfurt-persian-valentines-day-14.feb_.2026-didar-event.webp\",\"datePublished\":\"2025-12-05T05:16:03+00:00\",\"dateModified\":\"2026-01-19T16:09:24+00:00\",\"description\":\"\ud83d\udc97 \u0628\u0632\u0631\u06af\u200c\u062a\u0631\u06cc\u0646 \u0648\u0644\u0646\u062a\u0627\u06cc\u0646 \u067e\u0627\u0631\u062a\u06cc \u0627\u06cc\u0631\u0627\u0646\u06cc \u062f\u0631 \u0641\u0631\u0627\u0646\u06a9\u0641\u0648\u0631\u062a \u0628\u0627 \u0627\u062c\u0631\u0627\u06cc \u0632\u0646\u062f\u0647 25 \u0628\u0646\u062f \u0648 \u062f\u06cc\u200c\u062c\u06cc \u0627\u0645\u06cc\u0631 \u0642\u0648\u0627\u0645\u06cc \u2728 \u0634\u0628\u06cc \u0641\u0631\u0627\u0645\u0648\u0634\u200c\u0646\u0634\u062f\u0646\u06cc \u062f\u0631 14 \u0641\u0648\u0631\u06cc\u0647 2026 \ud83c\udf89\ud83c\udfb6\",\"breadcrumb\":{\"@id\":\"https:\\\/\\\/tizo.info\\\/product\\\/25band-live-concert-frankfurt-persian-valentines-day-14-feb-2026\\\/#breadcrumb\"},\"inLanguage\":\"en-US\",\"potentialAction\":[{\"@type\":\"ReadAction\",\"target\":[\"https:\\\/\\\/tizo.info\\\/product\\\/25band-live-concert-frankfurt-persian-valentines-day-14-feb-2026\\\/\"]}]},{\"@type\":\"ImageObject\",\"inLanguage\":\"en-US\",\"@id\":\"https:\\\/\\\/tizo.info\\\/product\\\/25band-live-concert-frankfurt-persian-valentines-day-14-feb-2026\\\/#primaryimage\",\"url\":\"https:\\\/\\\/tizo.info\\\/wp-content\\\/uploads\\\/2025\\\/12\\\/25band-live-concert-frankfurt-persian-valentines-day-14.feb_.2026-didar-event.webp\",\"contentUrl\":\"https:\\\/\\\/tizo.info\\\/wp-content\\\/uploads\\\/2025\\\/12\\\/25band-live-concert-frankfurt-persian-valentines-day-14.feb_.2026-didar-event.webp\",\"width\":1748,\"height\":2480,\"caption\":\"25 Band Live Concert in Frankfurt \u2013 Persian Valentines Day 2026 \u2013 DJ Amir Ghavami\"},{\"@type\":\"BreadcrumbList\",\"@id\":\"https:\\\/\\\/tizo.info\\\/product\\\/25band-live-concert-frankfurt-persian-valentines-day-14-feb-2026\\\/#breadcrumb\",\"itemListElement\":[{\"@type\":\"ListItem\",\"position\":1,\"name\":\"Startseite\",\"item\":\"https:\\\/\\\/tizo.info\\\/\"},{\"@type\":\"ListItem\",\"position\":2,\"name\":\"Events\",\"item\":\"https:\\\/\\\/tizo.info\\\/\"},{\"@type\":\"ListItem\",\"position\":3,\"name\":\"25 Band Live in Frankfurt!\"}]},{\"@type\":\"WebSite\",\"@id\":\"https:\\\/\\\/tizo.info\\\/#website\",\"url\":\"https:\\\/\\\/tizo.info\\\/\",\"name\":\"Tizo Ticketing\",\"description\":\"Persian Event Ticket\",\"publisher\":{\"@id\":\"https:\\\/\\\/tizo.info\\\/#organization\"},\"potentialAction\":[{\"@type\":\"SearchAction\",\"target\":{\"@type\":\"EntryPoint\",\"urlTemplate\":\"https:\\\/\\\/tizo.info\\\/?s={search_term_string}\"},\"query-input\":{\"@type\":\"PropertyValueSpecification\",\"valueRequired\":true,\"valueName\":\"search_term_string\"}}],\"inLanguage\":\"en-US\"},{\"@type\":\"Organization\",\"@id\":\"https:\\\/\\\/tizo.info\\\/#organization\",\"name\":\"Tizo Ticketing\",\"url\":\"https:\\\/\\\/tizo.info\\\/\",\"logo\":{\"@type\":\"ImageObject\",\"inLanguage\":\"en-US\",\"@id\":\"https:\\\/\\\/tizo.info\\\/#\\\/schema\\\/logo\\\/image\\\/\",\"url\":\"https:\\\/\\\/tizo.info\\\/wp-content\\\/uploads\\\/2019\\\/09\\\/Tizo-Logo.svg\",\"contentUrl\":\"https:\\\/\\\/tizo.info\\\/wp-content\\\/uploads\\\/2019\\\/09\\\/Tizo-Logo.svg\",\"width\":764,\"height\":456,\"caption\":\"Tizo Ticketing\"},\"image\":{\"@id\":\"https:\\\/\\\/tizo.info\\\/#\\\/schema\\\/logo\\\/image\\\/\"}}]}<\/script>\n<!-- \/ Yoast SEO plugin. -->","yoast_head_json":{"title":"25 Band Live in Frankfurt! - Tizo Ticketing - Iranische Valentinstagsparty","description":"\ud83d\udc97 \u0628\u0632\u0631\u06af\u200c\u062a\u0631\u06cc\u0646 \u0648\u0644\u0646\u062a\u0627\u06cc\u0646 \u067e\u0627\u0631\u062a\u06cc \u0627\u06cc\u0631\u0627\u0646\u06cc \u062f\u0631 \u0641\u0631\u0627\u0646\u06a9\u0641\u0648\u0631\u062a \u0628\u0627 \u0627\u062c\u0631\u0627\u06cc \u0632\u0646\u062f\u0647 25 \u0628\u0646\u062f \u0648 \u062f\u06cc\u200c\u062c\u06cc \u0627\u0645\u06cc\u0631 \u0642\u0648\u0627\u0645\u06cc \u2728 \u0634\u0628\u06cc \u0641\u0631\u0627\u0645\u0648\u0634\u200c\u0646\u0634\u062f\u0646\u06cc \u062f\u0631 14 \u0641\u0648\u0631\u06cc\u0647 2026 \ud83c\udf89\ud83c\udfb6","robots":{"index":"index","follow":"follow","max-snippet":"max-snippet:-1","max-image-preview":"max-image-preview:large","max-video-preview":"max-video-preview:-1"},"canonical":"https:\/\/tizo.info\/en\/product\/25band-live-concert-frankfurt-persian-valentines-day-14-feb-2026\/","og_locale":"en_US","og_type":"article","og_title":"25 Band Live in Frankfurt! - Tizo Ticketing - Iranische Valentinstagsparty","og_description":"\ud83d\udc97 \u0628\u0632\u0631\u06af\u200c\u062a\u0631\u06cc\u0646 \u0648\u0644\u0646\u062a\u0627\u06cc\u0646 \u067e\u0627\u0631\u062a\u06cc \u0627\u06cc\u0631\u0627\u0646\u06cc \u062f\u0631 \u0641\u0631\u0627\u0646\u06a9\u0641\u0648\u0631\u062a \u0628\u0627 \u0627\u062c\u0631\u0627\u06cc \u0632\u0646\u062f\u0647 25 \u0628\u0646\u062f \u0648 \u062f\u06cc\u200c\u062c\u06cc \u0627\u0645\u06cc\u0631 \u0642\u0648\u0627\u0645\u06cc \u2728 \u0634\u0628\u06cc \u0641\u0631\u0627\u0645\u0648\u0634\u200c\u0646\u0634\u062f\u0646\u06cc \u062f\u0631 14 \u0641\u0648\u0631\u06cc\u0647 2026 \ud83c\udf89\ud83c\udfb6","og_url":"https:\/\/tizo.info\/en\/product\/25band-live-concert-frankfurt-persian-valentines-day-14-feb-2026\/","og_site_name":"Tizo Ticketing","article_modified_time":"2026-01-19T16:09:24+00:00","og_image":[{"width":1748,"height":2480,"url":"https:\/\/tizo.info\/wp-content\/uploads\/2025\/12\/25band-live-concert-frankfurt-persian-valentines-day-14.feb_.2026-didar-event.webp","type":"image\/webp"}],"twitter_card":"summary_large_image","twitter_misc":{"Est. reading time":"1 minute"},"schema":{"@context":"https:\/\/schema.org","@graph":[{"@type":"WebPage","@id":"https:\/\/tizo.info\/product\/25band-live-concert-frankfurt-persian-valentines-day-14-feb-2026\/","url":"https:\/\/tizo.info\/product\/25band-live-concert-frankfurt-persian-valentines-day-14-feb-2026\/","name":"25 Band Live in Frankfurt! - Tizo Ticketing - Iranische Valentinstagsparty","isPartOf":{"@id":"https:\/\/tizo.info\/#website"},"primaryImageOfPage":{"@id":"https:\/\/tizo.info\/product\/25band-live-concert-frankfurt-persian-valentines-day-14-feb-2026\/#primaryimage"},"image":{"@id":"https:\/\/tizo.info\/product\/25band-live-concert-frankfurt-persian-valentines-day-14-feb-2026\/#primaryimage"},"thumbnailUrl":"https:\/\/tizo.info\/wp-content\/uploads\/2025\/12\/25band-live-concert-frankfurt-persian-valentines-day-14.feb_.2026-didar-event.webp","datePublished":"2025-12-05T05:16:03+00:00","dateModified":"2026-01-19T16:09:24+00:00","description":"\ud83d\udc97 \u0628\u0632\u0631\u06af\u200c\u062a\u0631\u06cc\u0646 \u0648\u0644\u0646\u062a\u0627\u06cc\u0646 \u067e\u0627\u0631\u062a\u06cc \u0627\u06cc\u0631\u0627\u0646\u06cc \u062f\u0631 \u0641\u0631\u0627\u0646\u06a9\u0641\u0648\u0631\u062a \u0628\u0627 \u0627\u062c\u0631\u0627\u06cc \u0632\u0646\u062f\u0647 25 \u0628\u0646\u062f \u0648 \u062f\u06cc\u200c\u062c\u06cc \u0627\u0645\u06cc\u0631 \u0642\u0648\u0627\u0645\u06cc \u2728 \u0634\u0628\u06cc \u0641\u0631\u0627\u0645\u0648\u0634\u200c\u0646\u0634\u062f\u0646\u06cc \u062f\u0631 14 \u0641\u0648\u0631\u06cc\u0647 2026 \ud83c\udf89\ud83c\udfb6","breadcrumb":{"@id":"https:\/\/tizo.info\/product\/25band-live-concert-frankfurt-persian-valentines-day-14-feb-2026\/#breadcrumb"},"inLanguage":"en-US","potentialAction":[{"@type":"ReadAction","target":["https:\/\/tizo.info\/product\/25band-live-concert-frankfurt-persian-valentines-day-14-feb-2026\/"]}]},{"@type":"ImageObject","inLanguage":"en-US","@id":"https:\/\/tizo.info\/product\/25band-live-concert-frankfurt-persian-valentines-day-14-feb-2026\/#primaryimage","url":"https:\/\/tizo.info\/wp-content\/uploads\/2025\/12\/25band-live-concert-frankfurt-persian-valentines-day-14.feb_.2026-didar-event.webp","contentUrl":"https:\/\/tizo.info\/wp-content\/uploads\/2025\/12\/25band-live-concert-frankfurt-persian-valentines-day-14.feb_.2026-didar-event.webp","width":1748,"height":2480,"caption":"25 Band Live Concert in Frankfurt \u2013 Persian Valentines Day 2026 \u2013 DJ Amir Ghavami"},{"@type":"BreadcrumbList","@id":"https:\/\/tizo.info\/product\/25band-live-concert-frankfurt-persian-valentines-day-14-feb-2026\/#breadcrumb","itemListElement":[{"@type":"ListItem","position":1,"name":"Startseite","item":"https:\/\/tizo.info\/"},{"@type":"ListItem","position":2,"name":"Events","item":"https:\/\/tizo.info\/"},{"@type":"ListItem","position":3,"name":"25 Band Live in Frankfurt!"}]},{"@type":"WebSite","@id":"https:\/\/tizo.info\/#website","url":"https:\/\/tizo.info\/","name":"Tizo Ticketing","description":"Persian Event Ticket","publisher":{"@id":"https:\/\/tizo.info\/#organization"},"potentialAction":[{"@type":"SearchAction","target":{"@type":"EntryPoint","urlTemplate":"https:\/\/tizo.info\/?s={search_term_string}"},"query-input":{"@type":"PropertyValueSpecification","valueRequired":true,"valueName":"search_term_string"}}],"inLanguage":"en-US"},{"@type":"Organization","@id":"https:\/\/tizo.info\/#organization","name":"Tizo Ticketing","url":"https:\/\/tizo.info\/","logo":{"@type":"ImageObject","inLanguage":"en-US","@id":"https:\/\/tizo.info\/#\/schema\/logo\/image\/","url":"https:\/\/tizo.info\/wp-content\/uploads\/2019\/09\/Tizo-Logo.svg","contentUrl":"https:\/\/tizo.info\/wp-content\/uploads\/2019\/09\/Tizo-Logo.svg","width":764,"height":456,"caption":"Tizo Ticketing"},"image":{"@id":"https:\/\/tizo.info\/#\/schema\/logo\/image\/"}}]}},"post_mailing_queue_ids":[],"_links":{"self":[{"href":"https:\/\/tizo.info\/en\/wp-json\/wp\/v2\/product\/16944","targetHints":{"allow":["GET"]}}],"collection":[{"href":"https:\/\/tizo.info\/en\/wp-json\/wp\/v2\/product"}],"about":[{"href":"https:\/\/tizo.info\/en\/wp-json\/wp\/v2\/types\/product"}],"replies":[{"embeddable":true,"href":"https:\/\/tizo.info\/en\/wp-json\/wp\/v2\/comments?post=16944"}],"version-history":[{"count":29,"href":"https:\/\/tizo.info\/en\/wp-json\/wp\/v2\/product\/16944\/revisions"}],"predecessor-version":[{"id":17487,"href":"https:\/\/tizo.info\/en\/wp-json\/wp\/v2\/product\/16944\/revisions\/17487"}],"wp:featuredmedia":[{"embeddable":true,"href":"https:\/\/tizo.info\/en\/wp-json\/wp\/v2\/media\/16994"}],"wp:attachment":[{"href":"https:\/\/tizo.info\/en\/wp-json\/wp\/v2\/media?parent=16944"}],"wp:term":[{"taxonomy":"product_brand","embeddable":true,"href":"https:\/\/tizo.info\/en\/wp-json\/wp\/v2\/product_brand?post=16944"},{"taxonomy":"product_cat","embeddable":true,"href":"https:\/\/tizo.info\/en\/wp-json\/wp\/v2\/product_cat?post=16944"},{"taxonomy":"product_tag","embeddable":true,"href":"https:\/\/tizo.info\/en\/wp-json\/wp\/v2\/product_tag?post=16944"}],"curies":[{"name":"wp","href":"https:\/\/api.w.org\/{rel}","templated":true}]}}